{"id":12197,"date":"2024-04-03T13:01:55","date_gmt":"2024-04-03T16:01:55","guid":{"rendered":"https:\/\/seniorsbrasil.com.br\/etapa2025\/brasilia\/?page_id=12197"},"modified":"2025-05-05T12:08:35","modified_gmt":"2025-05-05T15:08:35","slug":"sede","status":"publish","type":"page","link":"https:\/\/seniorsbrasil.com.br\/etapa2025\/brasilia\/sede\/","title":{"rendered":"Sede"},"content":{"rendered":"<figure id=\"attachment_12773\" aria-describedby=\"caption-attachment-12773\" style=\"width: 300px\" class=\"wp-caption alignleft\"><img fetchpriority=\"high\" decoding=\"async\" class=\"wp-image-12773 size-medium\" style=\"font-weight: 600;\" src=\"https:\/\/seniorsbrasil.com.br\/etapa2025\/brasilia\/wp-content\/uploads\/sites\/5\/2023\/05\/Torre-de-tvBSB.jpg-300x169.webp\" alt=\"\" width=\"300\" height=\"169\" srcset=\"https:\/\/seniorsbrasil.com.br\/etapa2025\/brasilia\/wp-content\/uploads\/sites\/5\/2023\/05\/Torre-de-tvBSB.jpg-300x169.webp 300w, https:\/\/seniorsbrasil.com.br\/etapa2025\/brasilia\/wp-content\/uploads\/sites\/5\/2023\/05\/Torre-de-tvBSB.jpg.webp 600w\" sizes=\"(max-width: 300px) 100vw, 300px\" \/><figcaption id=\"caption-attachment-12773\" class=\"wp-caption-text\">Foto: Divulga\u00e7\u00e3o<\/figcaption><\/figure>\n<p><strong>Bras\u00edlia<\/strong><\/p>\n<p style=\"text-align: justify;\">Bras\u00edlia \u00e9 a&nbsp;capital&nbsp;federal do&nbsp;Brasil&nbsp;e a&nbsp;sede de governo&nbsp;do&nbsp;Distrito Federal.&nbsp;A capital est\u00e1 localizada na regi\u00e3o&nbsp;Centro-Oeste&nbsp;do pa\u00eds, ao longo da regi\u00e3o geogr\u00e1fica conhecida como&nbsp;Planalto Central. Segundo o Censo do&nbsp;Instituto Brasileiro de Geografia e Estat\u00edstica&nbsp;(IBGE)\/2022, sua popula\u00e7\u00e3o \u00e9 de 2&nbsp;817&nbsp;381 habitantes, sendo, ent\u00e3o, a&nbsp;terceira cidade mais populosa do pa\u00eds, sem contar os da&nbsp;regi\u00e3o metropolitana. Bras\u00edlia \u00e9 tamb\u00e9m a&nbsp;quarta concentra\u00e7\u00e3o urbana mais populosa do Brasil. A capital brasileira \u00e9 a maior cidade do mundo constru\u00edda no s\u00e9culo XX.<\/p>\n<p style=\"text-align: justify;\">A cidade possui o maior&nbsp;produto interno bruto&nbsp;<em>per capita<\/em>&nbsp;em rela\u00e7\u00e3o \u00e0s capitais, o quarto maior entre as principais cidades da&nbsp;Am\u00e9rica Latina&nbsp;e cerca de tr\u00eas vezes maior que a renda m\u00e9dia brasileira.&nbsp;Como&nbsp;capital&nbsp;nacional, Bras\u00edlia abriga a sede dos tr\u00eas poderes da&nbsp;Rep\u00fablica&nbsp;(Executivo,&nbsp;Legislativo&nbsp;e&nbsp;Judici\u00e1rio) e 127&nbsp;embaixadas&nbsp;estrangeiras.<\/p>\n<p style=\"text-align: justify;\">A pol\u00edtica de planejamento da cidade, como a localiza\u00e7\u00e3o de pr\u00e9dios residenciais em grandes \u00e1reas urbanas, a constru\u00e7\u00e3o de enormes avenidas que atravessam a cidade e a sua divis\u00e3o em setores tem provocado debates sobre o estilo de vida nas grandes cidades no s\u00e9culo XX.<\/p>\n<p style=\"text-align: justify;\">O&nbsp;projeto da cidade&nbsp;a divide em blocos numerados, al\u00e9m de setores para atividades pr\u00e9-determinadas, como o Setor Hoteleiro, Banc\u00e1rio ou de Embaixadas.<\/p>\n<p style=\"text-align: justify;\">O plano urban\u00edstico original da capital, conhecido como &#8220;Plano Piloto&#8221; (nome que seria dado \u00e0&nbsp;regi\u00e3o administrativa onde fica localizada), foi elaborado pelo urbanista e arquiteto&nbsp;L\u00facio Costa, que, aproveitando o relevo da regi\u00e3o, adequou-o ao projeto do&nbsp;lago Parano\u00e1, concebido em 1893 pela&nbsp;Miss\u00e3o Cruls. A cidade come\u00e7ou a ser planejada e desenvolvida em 1956 por L\u00facio Costa, pelo tamb\u00e9m arquiteto&nbsp;Oscar Niemeyer&nbsp;e pelo engenheiro estrutural&nbsp;Joaquim Cardozo.&nbsp;Inaugurada em 21 de abril de 1960, pelo ent\u00e3o presidente&nbsp;Juscelino Kubitschek, Bras\u00edlia tornou-se formalmente a terceira capital do Brasil, ap\u00f3s&nbsp;Salvador&nbsp;e&nbsp;Rio de Janeiro. Vista de cima, a principal \u00e1rea da cidade \u00e9 descrita frequentemente como tendo o formato de um avi\u00e3o, mas a proposta inicial de L\u00facio Costa era de que se assemelhasse ao&nbsp;sinal da cruz, e um dos eixos foi depois arqueado para se adaptar ao relevo da regi\u00e3o.<\/p>\n<p style=\"text-align: justify;\">A cidade tem um estatuto \u00fanico no Brasil, j\u00e1 que \u00e9 uma divis\u00e3o administrativa distinta de um&nbsp;munic\u00edpio legal, como outras cidades brasileiras, semelhante ao que acontece com&nbsp;Washington, D.C., nos&nbsp;Estados Unidos, e com&nbsp;Camberra, na&nbsp;Austr\u00e1lia. A cidade, comumente referida como &#8220;Capital Federal&#8221; ou &#8220;BSB&#8221;,&nbsp;\u00e9 considerada um&nbsp;Patrim\u00f4nio Mundial&nbsp;pela&nbsp;UNESCO, desde 7 de dezembro de 1987, devido ao seu conjunto arquitet\u00f4nico e urban\u00edstico&nbsp;e possui a maior \u00e1rea&nbsp;tombada&nbsp;do mundo, com 112,5 quil\u00f4metros quadrados.<\/p>\n<figure id=\"attachment_12772\" aria-describedby=\"caption-attachment-12772\" style=\"width: 300px\" class=\"wp-caption alignleft\"><img decoding=\"async\" class=\"size-medium wp-image-12772\" src=\"https:\/\/seniorsbrasil.com.br\/etapa2025\/brasilia\/wp-content\/uploads\/sites\/5\/2023\/05\/aerea-IATE-BSB.jpg-300x225.webp\" alt=\"\" width=\"300\" height=\"225\" srcset=\"https:\/\/seniorsbrasil.com.br\/etapa2025\/brasilia\/wp-content\/uploads\/sites\/5\/2023\/05\/aerea-IATE-BSB.jpg-300x225.webp 300w, https:\/\/seniorsbrasil.com.br\/etapa2025\/brasilia\/wp-content\/uploads\/sites\/5\/2023\/05\/aerea-IATE-BSB.jpg-768x576.webp 768w, https:\/\/seniorsbrasil.com.br\/etapa2025\/brasilia\/wp-content\/uploads\/sites\/5\/2023\/05\/aerea-IATE-BSB.jpg-750x563.webp 750w, https:\/\/seniorsbrasil.com.br\/etapa2025\/brasilia\/wp-content\/uploads\/sites\/5\/2023\/05\/aerea-IATE-BSB.jpg.webp 960w\" sizes=\"(max-width: 300px) 100vw, 300px\" \/><figcaption id=\"caption-attachment-12772\" class=\"wp-caption-text\">Foto: Divulga\u00e7\u00e3o\/Iate Clube de Bras\u00edlia<\/figcaption><\/figure>\n<p style=\"text-align: justify;\"><strong>Iate Clube de Bras\u00edlia<\/strong><\/p>\n<p style=\"text-align: justify;\">O Iate Clube de Bras\u00edlia est\u00e1 desde 1960 proporcionando o que h\u00e1 de melhor no segmento esportivo e cultural para o brasiliense. A hist\u00f3ria de nossa Institui\u00e7\u00e3o est\u00e1 interligada com a constru\u00e7\u00e3o de Bras\u00edlia, pois o patrono do Iate \u00e9 o grande idealizador da capital federal no cerrado, Juscelino Kubitschek de Oliveira, que se referiu ao clube como sendo \u2018a sala de visitas da nova metr\u00f3pole\u2019. No decorrer dessas quase cinco d\u00e9cadas, muitas melhorias foram realizadas para aprimorar cada vez mais a estrutura e os servi\u00e7os oferecidos ao quadro social. Confira aqui um pouco da hist\u00f3ria de uma Institui\u00e7\u00e3o de lazer que est\u00e1 entre as melhores do pa\u00eds.<\/p>\n<p style=\"text-align: justify;\">Nascido na cidade mineira de Diamantina, no dia 12 de setembro de 1902, Juscelino Kubitschek de Oliveira foi, desde o in\u00edcio, um dos grandes incentivadores da constru\u00e7\u00e3o do Iate Clube de Bras\u00edlia. Tinha por nossa Institui\u00e7\u00e3o um carinho especial e a ela se referiu certa vez da seguinte forma: \u201cO Iate \u00e9, de muito, a sala de visita da nova metr\u00f3pole\u201d. Por tudo o que fez pelo Brasil e pela liga\u00e7\u00e3o que tinha com o Iate, Juscelino foi escolhido o patrono do clube. Desta forma, o Site do Iate dedica diversas p\u00e1ginas para lembrar um pouco da vida e obra deste not\u00e1vel brasileiro e reverenciar todo seu legado. Tamb\u00e9m como forma de homenagear a figura humana e hist\u00f3rica de Juscelino, o Iate criou a Regata JK, que, em 2008, chega a sua 15\u00aa edi\u00e7\u00e3o. Aqui, voc\u00ea encontrar\u00e1 informa\u00e7\u00f5es sobre a Regata JK e sobre a vida de Juscelino Kubitschek de Oliveira, incluindo fotos hist\u00f3ricas. Tamb\u00e9m encontrar\u00e1 depoimentos preciosos de pessoas que conviveram intimamente com Juscelino e que deram uma no\u00e7\u00e3o mais humana do car\u00e1ter e presen\u00e7a de esp\u00edrito deste mineiro inesquec\u00edvel.<\/p>\n<p style=\"text-align: justify;\"><strong>Historias da Funda\u00e7\u00e3o<\/strong><\/p>\n<p style=\"text-align: justify;\">O Plano Piloto da Nova Capital do Brasil \u2013 Bras\u00edlia, ainda era um sonho, mas o arquiteto L\u00facio Costa \u2013 respons\u00e1vel pela ponte urban\u00edstica da cidade, a mando do Presidente Juscelino Kubitschek \u2013 j\u00e1 tinha previsto a cria\u00e7\u00e3o de uma sociedade recreativa, \u00e0 beira do futuro Lago Parano\u00e1. Com isto em mente, \u00e0s 20 horas do dia 12 de setembro de 1959 (anivers\u00e1rio de JK) na Sede Social do clube Parano\u00e1 (antiga Novacap, hoje, Candangol\u00e2ndia), onze pioneiros da constru\u00e7\u00e3o de Bras\u00edlia se reuniram com o prop\u00f3sito de fundar o Iate Clube de Bras\u00edlia. Estes pioneiros eram: Ernesto Silva, Leo Sebasti\u00e3o David, Caio Brand\u00e3o Caiubi, Adeildo Viegas de Lima, Aloysio de Carvalho Silva, Agnelo Paz Sobreira, Ant\u00f4nio Alfredo Paranagu\u00e1 de Almeida Brand\u00e3o, Moacir Moreira de Andrade, Eloysio de Carvalho Silva, Francisco Jos\u00e9 Meinberg e \u00c1lvaro Alberto Sampaio, que hoje, mais uma vez, conta a verdadeira hist\u00f3ria e traz \u00e0 tona fatos, datas, fotos e revela os respons\u00e1veis pela transforma\u00e7\u00e3o de um sonho em realidade.<\/p>\n<p style=\"text-align: justify;\"><em>Fonte: Site Oficial<\/em><\/p>\n","protected":false},"excerpt":{"rendered":"<p>Bras\u00edlia Bras\u00edlia \u00e9 a&nbsp;capital&nbsp;federal do&nbsp;Brasil&nbsp;e a&nbsp;sede de governo&nbsp;do&nbsp;Distrito Federal.&nbsp;A capital est\u00e1 localizada na regi\u00e3o&nbsp;Centro-Oeste&nbsp;do pa\u00eds, ao longo da regi\u00e3o geogr\u00e1fica conhecida como&nbsp;Planalto Central. Segundo o Censo do&nbsp;Instituto Brasileiro de Geografia e Estat\u00edstica&nbsp;(IBGE)\/2022, sua popula\u00e7\u00e3o \u00e9 de 2&nbsp;817&nbsp;381 habitantes, sendo, ent\u00e3o, a&nbsp;terceira cidade mais populosa do pa\u00eds, sem contar os da&nbsp;regi\u00e3o metropolitana. Bras\u00edlia \u00e9 tamb\u00e9m a&nbsp;quarta [&hellip;]<\/p>\n","protected":false},"author":2,"featured_media":0,"parent":0,"menu_order":20,"comment_status":"closed","ping_status":"closed","template":"","meta":{"ngg_post_thumbnail":0,"footnotes":""},"class_list":["post-12197","page","type-page","status-publish","hentry"],"yoast_head":"<!-- This site is optimized with the Yoast SEO Premium plugin v20.6 (Yoast SEO v25.8) - https:\/\/yoast.com\/wordpress\/plugins\/seo\/ -->\n<title>Sede - Seniors Brasil 2025 - Bras\u00edlia<\/title>\n<meta name=\"robots\" content=\"index, follow, max-snippet:-1, max-image-preview:large, max-video-preview:-1\" \/>\n<link rel=\"canonical\" href=\"https:\/\/seniorsbrasil.com.br\/etapa2025\/brasilia\/sede\/\" \/>\n<meta property=\"og:locale\" content=\"pt_BR\" \/>\n<meta property=\"og:type\" content=\"article\" \/>\n<meta property=\"og:title\" content=\"Sede\" \/>\n<meta property=\"og:description\" content=\"Bras\u00edlia Bras\u00edlia \u00e9 a&nbsp;capital&nbsp;federal do&nbsp;Brasil&nbsp;e a&nbsp;sede de governo&nbsp;do&nbsp;Distrito Federal.&nbsp;A capital est\u00e1 localizada na regi\u00e3o&nbsp;Centro-Oeste&nbsp;do pa\u00eds, ao longo da regi\u00e3o geogr\u00e1fica conhecida como&nbsp;Planalto Central. Segundo o Censo do&nbsp;Instituto Brasileiro de Geografia e Estat\u00edstica&nbsp;(IBGE)\/2022, sua popula\u00e7\u00e3o \u00e9 de 2&nbsp;817&nbsp;381 habitantes, sendo, ent\u00e3o, a&nbsp;terceira cidade mais populosa do pa\u00eds, sem contar os da&nbsp;regi\u00e3o metropolitana. Bras\u00edlia \u00e9 tamb\u00e9m a&nbsp;quarta [&hellip;]\" \/>\n<meta property=\"og:url\" content=\"https:\/\/seniorsbrasil.com.br\/etapa2025\/brasilia\/sede\/\" \/>\n<meta property=\"og:site_name\" content=\"Seniors Brasil 2025 - Bras\u00edlia\" \/>\n<meta property=\"article:modified_time\" content=\"2025-05-05T15:08:35+00:00\" \/>\n<meta property=\"og:image\" content=\"https:\/\/seniorsbrasil.com.br\/etapa2025\/brasilia\/wp-content\/uploads\/sites\/5\/2023\/05\/Torre-de-tvBSB.jpg.webp\" \/>\n\t<meta property=\"og:image:width\" content=\"600\" \/>\n\t<meta property=\"og:image:height\" content=\"338\" \/>\n\t<meta property=\"og:image:type\" content=\"image\/webp\" \/>\n<meta name=\"twitter:card\" content=\"summary_large_image\" \/>\n<meta name=\"twitter:label1\" content=\"Est. tempo de leitura\" \/>\n\t<meta name=\"twitter:data1\" content=\"6 minutos\" \/>\n<script type=\"application\/ld+json\" class=\"yoast-schema-graph\">{\"@context\":\"https:\/\/schema.org\",\"@graph\":[{\"@type\":\"WebPage\",\"@id\":\"https:\/\/seniorsbrasil.com.br\/etapa2025\/brasilia\/sede\/\",\"url\":\"https:\/\/seniorsbrasil.com.br\/etapa2025\/brasilia\/sede\/\",\"name\":\"Sede - Seniors Brasil 2025 - Bras\u00edlia\",\"isPartOf\":{\"@id\":\"https:\/\/seniorsbrasil.com.br\/etapa2025\/brasilia\/#website\"},\"primaryImageOfPage\":{\"@id\":\"https:\/\/seniorsbrasil.com.br\/etapa2025\/brasilia\/sede\/#primaryimage\"},\"image\":{\"@id\":\"https:\/\/seniorsbrasil.com.br\/etapa2025\/brasilia\/sede\/#primaryimage\"},\"thumbnailUrl\":\"https:\/\/seniorsbrasil.com.br\/etapa2025\/brasilia\/wp-content\/uploads\/sites\/5\/2023\/05\/Torre-de-tvBSB.jpg-300x169.webp\",\"datePublished\":\"2024-04-03T16:01:55+00:00\",\"dateModified\":\"2025-05-05T15:08:35+00:00\",\"breadcrumb\":{\"@id\":\"https:\/\/seniorsbrasil.com.br\/etapa2025\/brasilia\/sede\/#breadcrumb\"},\"inLanguage\":\"pt-BR\",\"potentialAction\":[{\"@type\":\"ReadAction\",\"target\":[\"https:\/\/seniorsbrasil.com.br\/etapa2025\/brasilia\/sede\/\"]}]},{\"@type\":\"ImageObject\",\"inLanguage\":\"pt-BR\",\"@id\":\"https:\/\/seniorsbrasil.com.br\/etapa2025\/brasilia\/sede\/#primaryimage\",\"url\":\"https:\/\/seniorsbrasil.com.br\/etapa2025\/brasilia\/wp-content\/uploads\/sites\/5\/2023\/05\/Torre-de-tvBSB.jpg-300x169.webp\",\"contentUrl\":\"https:\/\/seniorsbrasil.com.br\/etapa2025\/brasilia\/wp-content\/uploads\/sites\/5\/2023\/05\/Torre-de-tvBSB.jpg-300x169.webp\"},{\"@type\":\"BreadcrumbList\",\"@id\":\"https:\/\/seniorsbrasil.com.br\/etapa2025\/brasilia\/sede\/#breadcrumb\",\"itemListElement\":[{\"@type\":\"ListItem\",\"position\":1,\"name\":\"Home\",\"item\":\"https:\/\/seniorsbrasil.com.br\/etapa2025\/brasilia\/\"},{\"@type\":\"ListItem\",\"position\":2,\"name\":\"Sede\"}]},{\"@type\":\"WebSite\",\"@id\":\"https:\/\/seniorsbrasil.com.br\/etapa2025\/brasilia\/#website\",\"url\":\"https:\/\/seniorsbrasil.com.br\/etapa2025\/brasilia\/\",\"name\":\"Seniors Brasil 2025 - Bras\u00edlia\",\"description\":\"Seniors Brasil Bras\u00edlia - 05 a 10 de maio de\u00a02025\",\"potentialAction\":[{\"@type\":\"SearchAction\",\"target\":{\"@type\":\"EntryPoint\",\"urlTemplate\":\"https:\/\/seniorsbrasil.com.br\/etapa2025\/brasilia\/?s={search_term_string}\"},\"query-input\":{\"@type\":\"PropertyValueSpecification\",\"valueRequired\":true,\"valueName\":\"search_term_string\"}}],\"inLanguage\":\"pt-BR\"}]}<\/script>\n<!-- \/ Yoast SEO Premium plugin. -->","yoast_head_json":{"title":"Sede - Seniors Brasil 2025 - Bras\u00edlia","robots":{"index":"index","follow":"follow","max-snippet":"max-snippet:-1","max-image-preview":"max-image-preview:large","max-video-preview":"max-video-preview:-1"},"canonical":"https:\/\/seniorsbrasil.com.br\/etapa2025\/brasilia\/sede\/","og_locale":"pt_BR","og_type":"article","og_title":"Sede","og_description":"Bras\u00edlia Bras\u00edlia \u00e9 a&nbsp;capital&nbsp;federal do&nbsp;Brasil&nbsp;e a&nbsp;sede de governo&nbsp;do&nbsp;Distrito Federal.&nbsp;A capital est\u00e1 localizada na regi\u00e3o&nbsp;Centro-Oeste&nbsp;do pa\u00eds, ao longo da regi\u00e3o geogr\u00e1fica conhecida como&nbsp;Planalto Central. Segundo o Censo do&nbsp;Instituto Brasileiro de Geografia e Estat\u00edstica&nbsp;(IBGE)\/2022, sua popula\u00e7\u00e3o \u00e9 de 2&nbsp;817&nbsp;381 habitantes, sendo, ent\u00e3o, a&nbsp;terceira cidade mais populosa do pa\u00eds, sem contar os da&nbsp;regi\u00e3o metropolitana. Bras\u00edlia \u00e9 tamb\u00e9m a&nbsp;quarta [&hellip;]","og_url":"https:\/\/seniorsbrasil.com.br\/etapa2025\/brasilia\/sede\/","og_site_name":"Seniors Brasil 2025 - Bras\u00edlia","article_modified_time":"2025-05-05T15:08:35+00:00","og_image":[{"width":600,"height":338,"url":"https:\/\/seniorsbrasil.com.br\/etapa2025\/brasilia\/wp-content\/uploads\/sites\/5\/2023\/05\/Torre-de-tvBSB.jpg.webp","type":"image\/webp"}],"twitter_card":"summary_large_image","twitter_misc":{"Est. tempo de leitura":"6 minutos"},"schema":{"@context":"https:\/\/schema.org","@graph":[{"@type":"WebPage","@id":"https:\/\/seniorsbrasil.com.br\/etapa2025\/brasilia\/sede\/","url":"https:\/\/seniorsbrasil.com.br\/etapa2025\/brasilia\/sede\/","name":"Sede - Seniors Brasil 2025 - Bras\u00edlia","isPartOf":{"@id":"https:\/\/seniorsbrasil.com.br\/etapa2025\/brasilia\/#website"},"primaryImageOfPage":{"@id":"https:\/\/seniorsbrasil.com.br\/etapa2025\/brasilia\/sede\/#primaryimage"},"image":{"@id":"https:\/\/seniorsbrasil.com.br\/etapa2025\/brasilia\/sede\/#primaryimage"},"thumbnailUrl":"https:\/\/seniorsbrasil.com.br\/etapa2025\/brasilia\/wp-content\/uploads\/sites\/5\/2023\/05\/Torre-de-tvBSB.jpg-300x169.webp","datePublished":"2024-04-03T16:01:55+00:00","dateModified":"2025-05-05T15:08:35+00:00","breadcrumb":{"@id":"https:\/\/seniorsbrasil.com.br\/etapa2025\/brasilia\/sede\/#breadcrumb"},"inLanguage":"pt-BR","potentialAction":[{"@type":"ReadAction","target":["https:\/\/seniorsbrasil.com.br\/etapa2025\/brasilia\/sede\/"]}]},{"@type":"ImageObject","inLanguage":"pt-BR","@id":"https:\/\/seniorsbrasil.com.br\/etapa2025\/brasilia\/sede\/#primaryimage","url":"https:\/\/seniorsbrasil.com.br\/etapa2025\/brasilia\/wp-content\/uploads\/sites\/5\/2023\/05\/Torre-de-tvBSB.jpg-300x169.webp","contentUrl":"https:\/\/seniorsbrasil.com.br\/etapa2025\/brasilia\/wp-content\/uploads\/sites\/5\/2023\/05\/Torre-de-tvBSB.jpg-300x169.webp"},{"@type":"BreadcrumbList","@id":"https:\/\/seniorsbrasil.com.br\/etapa2025\/brasilia\/sede\/#breadcrumb","itemListElement":[{"@type":"ListItem","position":1,"name":"Home","item":"https:\/\/seniorsbrasil.com.br\/etapa2025\/brasilia\/"},{"@type":"ListItem","position":2,"name":"Sede"}]},{"@type":"WebSite","@id":"https:\/\/seniorsbrasil.com.br\/etapa2025\/brasilia\/#website","url":"https:\/\/seniorsbrasil.com.br\/etapa2025\/brasilia\/","name":"Seniors Brasil 2025 - Bras\u00edlia","description":"Seniors Brasil Bras\u00edlia - 05 a 10 de maio de\u00a02025","potentialAction":[{"@type":"SearchAction","target":{"@type":"EntryPoint","urlTemplate":"https:\/\/seniorsbrasil.com.br\/etapa2025\/brasilia\/?s={search_term_string}"},"query-input":{"@type":"PropertyValueSpecification","valueRequired":true,"valueName":"search_term_string"}}],"inLanguage":"pt-BR"}]}},"_links":{"self":[{"href":"https:\/\/seniorsbrasil.com.br\/etapa2025\/brasilia\/wp-json\/wp\/v2\/pages\/12197","targetHints":{"allow":["GET"]}}],"collection":[{"href":"https:\/\/seniorsbrasil.com.br\/etapa2025\/brasilia\/wp-json\/wp\/v2\/pages"}],"about":[{"href":"https:\/\/seniorsbrasil.com.br\/etapa2025\/brasilia\/wp-json\/wp\/v2\/types\/page"}],"author":[{"embeddable":true,"href":"https:\/\/seniorsbrasil.com.br\/etapa2025\/brasilia\/wp-json\/wp\/v2\/users\/2"}],"replies":[{"embeddable":true,"href":"https:\/\/seniorsbrasil.com.br\/etapa2025\/brasilia\/wp-json\/wp\/v2\/comments?post=12197"}],"version-history":[{"count":9,"href":"https:\/\/seniorsbrasil.com.br\/etapa2025\/brasilia\/wp-json\/wp\/v2\/pages\/12197\/revisions"}],"predecessor-version":[{"id":13619,"href":"https:\/\/seniorsbrasil.com.br\/etapa2025\/brasilia\/wp-json\/wp\/v2\/pages\/12197\/revisions\/13619"}],"wp:attachment":[{"href":"https:\/\/seniorsbrasil.com.br\/etapa2025\/brasilia\/wp-json\/wp\/v2\/media?parent=12197"}],"curies":[{"name":"wp","href":"https:\/\/api.w.org\/{rel}","templated":true}]}}