{"id":3170,"date":"2025-05-01T19:00:31","date_gmt":"2025-05-01T22:00:31","guid":{"rendered":"https:\/\/seniorsbrasil.com.br\/etapa2021\/salvador\/?page_id=3170"},"modified":"2025-05-09T00:41:57","modified_gmt":"2025-05-09T03:41:57","slug":"programacao","status":"publish","type":"page","link":"https:\/\/seniorsbrasil.com.br\/etapa2025\/brasilia\/programacao\/","title":{"rendered":"Programa\u00e7\u00e3o"},"content":{"rendered":"<a href=\"https:\/\/seniorsbrasil.com.br\/etapa2025\/chaves\/brasilia\/programacao-sexta.pdf\" class=\"pdfemb-viewer\" style=\"\" data-width=\"max\" data-height=\"max\" data-mobile-width=\"500\"  data-scrollbar=\"none\" data-download=\"on\" data-tracking=\"on\" data-newwindow=\"on\" data-pagetextbox=\"off\" data-scrolltotop=\"off\" data-startzoom=\"100\" data-startfpzoom=\"100\" data-toolbar=\"bottom\" data-toolbar-fixed=\"off\">programacao-sexta<br\/><\/a>\n<a href=\"https:\/\/seniorsbrasil.com.br\/etapa2025\/chaves\/brasilia\/programacao-quinta.pdf\" class=\"pdfemb-viewer\" style=\"\" data-width=\"max\" data-height=\"max\" data-mobile-width=\"500\"  data-scrollbar=\"none\" data-download=\"on\" data-tracking=\"on\" data-newwindow=\"on\" data-pagetextbox=\"off\" data-scrolltotop=\"off\" data-startzoom=\"100\" data-startfpzoom=\"100\" data-toolbar=\"bottom\" data-toolbar-fixed=\"off\">programacao-quinta<br\/><\/a>\n<a href=\"https:\/\/seniorsbrasil.com.br\/etapa2025\/chaves\/brasilia\/programacao-quarta.pdf\" class=\"pdfemb-viewer\" style=\"\" data-width=\"max\" data-height=\"max\" data-mobile-width=\"500\"  data-scrollbar=\"none\" data-download=\"on\" data-tracking=\"on\" data-newwindow=\"on\" data-pagetextbox=\"off\" data-scrolltotop=\"off\" data-startzoom=\"100\" data-startfpzoom=\"100\" data-toolbar=\"bottom\" data-toolbar-fixed=\"off\">programacao-quarta<br\/><\/a>\n<p><a href=\"https:\/\/seniorsbrasil.com.br\/etapa2025\/chaves\/brasilia\/programacao-terca.pdf\" class=\"pdfemb-viewer\" style=\"\" data-width=\"max\" data-height=\"max\" data-mobile-width=\"500\"  data-scrollbar=\"none\" data-download=\"on\" data-tracking=\"on\" data-newwindow=\"on\" data-pagetextbox=\"off\" data-scrolltotop=\"off\" data-startzoom=\"100\" data-startfpzoom=\"100\" data-toolbar=\"bottom\" data-toolbar-fixed=\"off\">programacao-terca<br\/><\/a><br \/>\n<a href=\"https:\/\/seniorsbrasil.com.br\/etapa2025\/chaves\/brasilia\/programacao-segunda.pdf\" class=\"pdfemb-viewer\" style=\"\" data-width=\"max\" data-height=\"max\" data-mobile-width=\"500\"  data-scrollbar=\"none\" data-download=\"on\" data-tracking=\"on\" data-newwindow=\"on\" data-pagetextbox=\"off\" data-scrolltotop=\"off\" data-startzoom=\"100\" data-startfpzoom=\"100\" data-toolbar=\"bottom\" data-toolbar-fixed=\"off\">programacao-segunda<br\/><\/a><\/p>\n","protected":false},"excerpt":{"rendered":"","protected":false},"author":2,"featured_media":0,"parent":0,"menu_order":4,"comment_status":"closed","ping_status":"closed","template":"","meta":{"ngg_post_thumbnail":0,"footnotes":""},"class_list":["post-3170","page","type-page","status-publish","hentry"],"yoast_head":"<!-- This site is optimized with the Yoast SEO Premium plugin v20.6 (Yoast SEO v25.8) - https:\/\/yoast.com\/wordpress\/plugins\/seo\/ -->\n<title>Programa\u00e7\u00e3o - Seniors Brasil 2025 - Bras\u00edlia<\/title>\n<meta name=\"robots\" content=\"index, follow, max-snippet:-1, max-image-preview:large, max-video-preview:-1\" \/>\n<link rel=\"canonical\" href=\"https:\/\/seniorsbrasil.com.br\/etapa2025\/brasilia\/programacao\/\" \/>\n<meta property=\"og:locale\" content=\"pt_BR\" \/>\n<meta property=\"og:type\" content=\"article\" \/>\n<meta property=\"og:title\" content=\"Programa\u00e7\u00e3o\" \/>\n<meta property=\"og:url\" content=\"https:\/\/seniorsbrasil.com.br\/etapa2025\/brasilia\/programacao\/\" \/>\n<meta property=\"og:site_name\" content=\"Seniors Brasil 2025 - Bras\u00edlia\" \/>\n<meta property=\"article:modified_time\" content=\"2025-05-09T03:41:57+00:00\" \/>\n<meta name=\"twitter:card\" content=\"summary_large_image\" \/>\n<meta name=\"twitter:label1\" content=\"Est. tempo de leitura\" \/>\n\t<meta name=\"twitter:data1\" content=\"1 minuto\" \/>\n<script type=\"application\/ld+json\" class=\"yoast-schema-graph\">{\"@context\":\"https:\/\/schema.org\",\"@graph\":[{\"@type\":\"WebPage\",\"@id\":\"https:\/\/seniorsbrasil.com.br\/etapa2025\/brasilia\/programacao\/\",\"url\":\"https:\/\/seniorsbrasil.com.br\/etapa2025\/brasilia\/programacao\/\",\"name\":\"Programa\u00e7\u00e3o - Seniors Brasil 2025 - Bras\u00edlia\",\"isPartOf\":{\"@id\":\"https:\/\/seniorsbrasil.com.br\/etapa2025\/brasilia\/#website\"},\"datePublished\":\"2025-05-01T22:00:31+00:00\",\"dateModified\":\"2025-05-09T03:41:57+00:00\",\"breadcrumb\":{\"@id\":\"https:\/\/seniorsbrasil.com.br\/etapa2025\/brasilia\/programacao\/#breadcrumb\"},\"inLanguage\":\"pt-BR\",\"potentialAction\":[{\"@type\":\"ReadAction\",\"target\":[\"https:\/\/seniorsbrasil.com.br\/etapa2025\/brasilia\/programacao\/\"]}]},{\"@type\":\"BreadcrumbList\",\"@id\":\"https:\/\/seniorsbrasil.com.br\/etapa2025\/brasilia\/programacao\/#breadcrumb\",\"itemListElement\":[{\"@type\":\"ListItem\",\"position\":1,\"name\":\"Home\",\"item\":\"https:\/\/seniorsbrasil.com.br\/etapa2025\/brasilia\/\"},{\"@type\":\"ListItem\",\"position\":2,\"name\":\"Programa\u00e7\u00e3o\"}]},{\"@type\":\"WebSite\",\"@id\":\"https:\/\/seniorsbrasil.com.br\/etapa2025\/brasilia\/#website\",\"url\":\"https:\/\/seniorsbrasil.com.br\/etapa2025\/brasilia\/\",\"name\":\"Seniors Brasil 2025 - Bras\u00edlia\",\"description\":\"Seniors Brasil Bras\u00edlia - 05 a 10 de maio de\u00a02025\",\"potentialAction\":[{\"@type\":\"SearchAction\",\"target\":{\"@type\":\"EntryPoint\",\"urlTemplate\":\"https:\/\/seniorsbrasil.com.br\/etapa2025\/brasilia\/?s={search_term_string}\"},\"query-input\":{\"@type\":\"PropertyValueSpecification\",\"valueRequired\":true,\"valueName\":\"search_term_string\"}}],\"inLanguage\":\"pt-BR\"}]}<\/script>\n<!-- \/ Yoast SEO Premium plugin. -->","yoast_head_json":{"title":"Programa\u00e7\u00e3o - Seniors Brasil 2025 - Bras\u00edlia","robots":{"index":"index","follow":"follow","max-snippet":"max-snippet:-1","max-image-preview":"max-image-preview:large","max-video-preview":"max-video-preview:-1"},"canonical":"https:\/\/seniorsbrasil.com.br\/etapa2025\/brasilia\/programacao\/","og_locale":"pt_BR","og_type":"article","og_title":"Programa\u00e7\u00e3o","og_url":"https:\/\/seniorsbrasil.com.br\/etapa2025\/brasilia\/programacao\/","og_site_name":"Seniors Brasil 2025 - Bras\u00edlia","article_modified_time":"2025-05-09T03:41:57+00:00","twitter_card":"summary_large_image","twitter_misc":{"Est. tempo de leitura":"1 minuto"},"schema":{"@context":"https:\/\/schema.org","@graph":[{"@type":"WebPage","@id":"https:\/\/seniorsbrasil.com.br\/etapa2025\/brasilia\/programacao\/","url":"https:\/\/seniorsbrasil.com.br\/etapa2025\/brasilia\/programacao\/","name":"Programa\u00e7\u00e3o - Seniors Brasil 2025 - Bras\u00edlia","isPartOf":{"@id":"https:\/\/seniorsbrasil.com.br\/etapa2025\/brasilia\/#website"},"datePublished":"2025-05-01T22:00:31+00:00","dateModified":"2025-05-09T03:41:57+00:00","breadcrumb":{"@id":"https:\/\/seniorsbrasil.com.br\/etapa2025\/brasilia\/programacao\/#breadcrumb"},"inLanguage":"pt-BR","potentialAction":[{"@type":"ReadAction","target":["https:\/\/seniorsbrasil.com.br\/etapa2025\/brasilia\/programacao\/"]}]},{"@type":"BreadcrumbList","@id":"https:\/\/seniorsbrasil.com.br\/etapa2025\/brasilia\/programacao\/#breadcrumb","itemListElement":[{"@type":"ListItem","position":1,"name":"Home","item":"https:\/\/seniorsbrasil.com.br\/etapa2025\/brasilia\/"},{"@type":"ListItem","position":2,"name":"Programa\u00e7\u00e3o"}]},{"@type":"WebSite","@id":"https:\/\/seniorsbrasil.com.br\/etapa2025\/brasilia\/#website","url":"https:\/\/seniorsbrasil.com.br\/etapa2025\/brasilia\/","name":"Seniors Brasil 2025 - Bras\u00edlia","description":"Seniors Brasil Bras\u00edlia - 05 a 10 de maio de\u00a02025","potentialAction":[{"@type":"SearchAction","target":{"@type":"EntryPoint","urlTemplate":"https:\/\/seniorsbrasil.com.br\/etapa2025\/brasilia\/?s={search_term_string}"},"query-input":{"@type":"PropertyValueSpecification","valueRequired":true,"valueName":"search_term_string"}}],"inLanguage":"pt-BR"}]}},"_links":{"self":[{"href":"https:\/\/seniorsbrasil.com.br\/etapa2025\/brasilia\/wp-json\/wp\/v2\/pages\/3170","targetHints":{"allow":["GET"]}}],"collection":[{"href":"https:\/\/seniorsbrasil.com.br\/etapa2025\/brasilia\/wp-json\/wp\/v2\/pages"}],"about":[{"href":"https:\/\/seniorsbrasil.com.br\/etapa2025\/brasilia\/wp-json\/wp\/v2\/types\/page"}],"author":[{"embeddable":true,"href":"https:\/\/seniorsbrasil.com.br\/etapa2025\/brasilia\/wp-json\/wp\/v2\/users\/2"}],"replies":[{"embeddable":true,"href":"https:\/\/seniorsbrasil.com.br\/etapa2025\/brasilia\/wp-json\/wp\/v2\/comments?post=3170"}],"version-history":[{"count":23,"href":"https:\/\/seniorsbrasil.com.br\/etapa2025\/brasilia\/wp-json\/wp\/v2\/pages\/3170\/revisions"}],"predecessor-version":[{"id":13682,"href":"https:\/\/seniorsbrasil.com.br\/etapa2025\/brasilia\/wp-json\/wp\/v2\/pages\/3170\/revisions\/13682"}],"wp:attachment":[{"href":"https:\/\/seniorsbrasil.com.br\/etapa2025\/brasilia\/wp-json\/wp\/v2\/media?parent=3170"}],"curies":[{"name":"wp","href":"https:\/\/api.w.org\/{rel}","templated":true}]}}