{"id":2998,"date":"2025-08-16T11:28:08","date_gmt":"2025-08-16T14:28:08","guid":{"rendered":"http:\/\/br484.teste.website\/~senior97\/seniors\/etapa2019\/portoalegre\/?page_id=2998"},"modified":"2025-08-16T11:33:29","modified_gmt":"2025-08-16T14:33:29","slug":"quem-somos","status":"publish","type":"page","link":"https:\/\/seniorsbrasil.com.br\/etapa2025\/portoalegre\/quem-somos\/","title":{"rendered":"Quem Somos"},"content":{"rendered":"<p><img decoding=\"async\" class=\"alignleft size-full wp-image-3065\" src=\"https:\/\/seniorsbrasil.com.br\/etapa2025\/wp-content\/uploads\/2022\/01\/seniors-brasil-bottom.png\" alt=\"\" width=\"224\" height=\"58\">O website Seniors Brasil \u00e9 um projeto da L3F Ag\u00eancia de Noticias empresa do Grupo T\u00eanis Virtual (<a href=\"http:\/\/tenisvirtual.com.br\/\" target=\"_blank\" rel=\"noopener\">www.tenisvirtual.com.br<\/a>) que desde 1999, quando da sua funda\u00e7\u00e3o, ocupa um lugar de destaque na rede mundial.<\/p>\n<p>Nosso principal objetivo \u00e9 propiciar aos jogadores da Categoria Seniors navegar em um website din\u00e2mico, com f\u00e1cil visualiza\u00e7\u00e3o e com todas as informa\u00e7\u00f5es do Circuito Mundial.<\/p>\n<p>Aos organizadores, disponibilizamos todos os meios de divulga\u00e7\u00e3o de seus respectivos eventos, atrav\u00e9s de releases, fotos, inser\u00e7\u00e3o de logos dos patrocinadores e apoiadores. Ao final de cada etapa fornecemos um v\u00eddeo institucional. Nossa equipe tamb\u00e9m est\u00e1 apta a efetuar as transmiss\u00f5es dos jogos ao vivo atrav\u00e9s da internet.<\/p>\n<p>Convidamos a todos a n\u00e3o s\u00f3 acessar ao site, bem como efetuarem seus respectivos cadastros, assim, ter\u00e3o acesso a \u00e1rea restrita do site, al\u00e9m de receber periodicamente informa\u00e7\u00f5es sobre o circuito.<\/p>\n<p>Cr\u00edticas e sugest\u00f5es s\u00e3o bem vindas, pois estas nos ajudar\u00e3o aprimorar ainda mais a nossa saud\u00e1vel comunica\u00e7\u00e3o.<\/p>\n","protected":false},"excerpt":{"rendered":"<p>O website Seniors Brasil \u00e9 um projeto da L3F Ag\u00eancia de Noticias empresa do Grupo T\u00eanis Virtual (www.tenisvirtual.com.br) que desde 1999, quando da sua funda\u00e7\u00e3o, ocupa um lugar de destaque na rede mundial. Nosso principal objetivo \u00e9 propiciar aos jogadores da Categoria Seniors navegar em um website din\u00e2mico, com f\u00e1cil visualiza\u00e7\u00e3o e com todas as [&hellip;]<\/p>\n","protected":false},"author":2,"featured_media":0,"parent":0,"menu_order":14,"comment_status":"closed","ping_status":"closed","template":"","meta":{"ngg_post_thumbnail":0,"footnotes":""},"class_list":["post-2998","page","type-page","status-publish","hentry"],"yoast_head":"<!-- This site is optimized with the Yoast SEO Premium plugin v20.6 (Yoast SEO v25.8) - https:\/\/yoast.com\/wordpress\/plugins\/seo\/ -->\n<title>Quem Somos - Seniors Brasil 2025 - Porto Alegre<\/title>\n<meta name=\"robots\" content=\"index, follow, max-snippet:-1, max-image-preview:large, max-video-preview:-1\" \/>\n<link rel=\"canonical\" href=\"https:\/\/seniorsbrasil.com.br\/etapa2025\/portoalegre\/quem-somos\/\" \/>\n<meta property=\"og:locale\" content=\"pt_BR\" \/>\n<meta property=\"og:type\" content=\"article\" \/>\n<meta property=\"og:title\" content=\"Quem Somos\" \/>\n<meta property=\"og:description\" content=\"O website Seniors Brasil \u00e9 um projeto da L3F Ag\u00eancia de Noticias empresa do Grupo T\u00eanis Virtual (www.tenisvirtual.com.br) que desde 1999, quando da sua funda\u00e7\u00e3o, ocupa um lugar de destaque na rede mundial. Nosso principal objetivo \u00e9 propiciar aos jogadores da Categoria Seniors navegar em um website din\u00e2mico, com f\u00e1cil visualiza\u00e7\u00e3o e com todas as [&hellip;]\" \/>\n<meta property=\"og:url\" content=\"https:\/\/seniorsbrasil.com.br\/etapa2025\/portoalegre\/quem-somos\/\" \/>\n<meta property=\"og:site_name\" content=\"Seniors Brasil 2025 - Porto Alegre\" \/>\n<meta property=\"article:modified_time\" content=\"2025-08-16T14:33:29+00:00\" \/>\n<meta property=\"og:image\" content=\"https:\/\/seniorsbrasil.com.br\/etapa2025\/portoalegre\/wp-content\/uploads\/sites\/3\/2019\/07\/seniors-brasil.png\" \/>\n\t<meta property=\"og:image:width\" content=\"224\" \/>\n\t<meta property=\"og:image:height\" content=\"58\" \/>\n\t<meta property=\"og:image:type\" content=\"image\/png\" \/>\n<meta name=\"twitter:card\" content=\"summary_large_image\" \/>\n<meta name=\"twitter:label1\" content=\"Est. tempo de leitura\" \/>\n\t<meta name=\"twitter:data1\" content=\"2 minutos\" \/>\n<script type=\"application\/ld+json\" class=\"yoast-schema-graph\">{\"@context\":\"https:\/\/schema.org\",\"@graph\":[{\"@type\":\"WebPage\",\"@id\":\"https:\/\/seniorsbrasil.com.br\/etapa2025\/portoalegre\/quem-somos\/\",\"url\":\"https:\/\/seniorsbrasil.com.br\/etapa2025\/portoalegre\/quem-somos\/\",\"name\":\"Quem Somos - Seniors Brasil 2025 - Porto Alegre\",\"isPartOf\":{\"@id\":\"https:\/\/seniorsbrasil.com.br\/etapa2025\/portoalegre\/#website\"},\"primaryImageOfPage\":{\"@id\":\"https:\/\/seniorsbrasil.com.br\/etapa2025\/portoalegre\/quem-somos\/#primaryimage\"},\"image\":{\"@id\":\"https:\/\/seniorsbrasil.com.br\/etapa2025\/portoalegre\/quem-somos\/#primaryimage\"},\"thumbnailUrl\":\"https:\/\/seniorsbrasil.com.br\/etapa2025\/wp-content\/uploads\/2022\/01\/seniors-brasil-bottom.png\",\"datePublished\":\"2025-08-16T14:28:08+00:00\",\"dateModified\":\"2025-08-16T14:33:29+00:00\",\"breadcrumb\":{\"@id\":\"https:\/\/seniorsbrasil.com.br\/etapa2025\/portoalegre\/quem-somos\/#breadcrumb\"},\"inLanguage\":\"pt-BR\",\"potentialAction\":[{\"@type\":\"ReadAction\",\"target\":[\"https:\/\/seniorsbrasil.com.br\/etapa2025\/portoalegre\/quem-somos\/\"]}]},{\"@type\":\"ImageObject\",\"inLanguage\":\"pt-BR\",\"@id\":\"https:\/\/seniorsbrasil.com.br\/etapa2025\/portoalegre\/quem-somos\/#primaryimage\",\"url\":\"https:\/\/seniorsbrasil.com.br\/etapa2025\/wp-content\/uploads\/2022\/01\/seniors-brasil-bottom.png\",\"contentUrl\":\"https:\/\/seniorsbrasil.com.br\/etapa2025\/wp-content\/uploads\/2022\/01\/seniors-brasil-bottom.png\"},{\"@type\":\"BreadcrumbList\",\"@id\":\"https:\/\/seniorsbrasil.com.br\/etapa2025\/portoalegre\/quem-somos\/#breadcrumb\",\"itemListElement\":[{\"@type\":\"ListItem\",\"position\":1,\"name\":\"Home\",\"item\":\"https:\/\/seniorsbrasil.com.br\/etapa2025\/portoalegre\/\"},{\"@type\":\"ListItem\",\"position\":2,\"name\":\"Quem Somos\"}]},{\"@type\":\"WebSite\",\"@id\":\"https:\/\/seniorsbrasil.com.br\/etapa2025\/portoalegre\/#website\",\"url\":\"https:\/\/seniorsbrasil.com.br\/etapa2025\/portoalegre\/\",\"name\":\"Seniors Brasil 2025 - Porto Alegre\",\"description\":\"Circuito Seniors Brasil 2025\",\"potentialAction\":[{\"@type\":\"SearchAction\",\"target\":{\"@type\":\"EntryPoint\",\"urlTemplate\":\"https:\/\/seniorsbrasil.com.br\/etapa2025\/portoalegre\/?s={search_term_string}\"},\"query-input\":{\"@type\":\"PropertyValueSpecification\",\"valueRequired\":true,\"valueName\":\"search_term_string\"}}],\"inLanguage\":\"pt-BR\"}]}<\/script>\n<!-- \/ Yoast SEO Premium plugin. -->","yoast_head_json":{"title":"Quem Somos - Seniors Brasil 2025 - Porto Alegre","robots":{"index":"index","follow":"follow","max-snippet":"max-snippet:-1","max-image-preview":"max-image-preview:large","max-video-preview":"max-video-preview:-1"},"canonical":"https:\/\/seniorsbrasil.com.br\/etapa2025\/portoalegre\/quem-somos\/","og_locale":"pt_BR","og_type":"article","og_title":"Quem Somos","og_description":"O website Seniors Brasil \u00e9 um projeto da L3F Ag\u00eancia de Noticias empresa do Grupo T\u00eanis Virtual (www.tenisvirtual.com.br) que desde 1999, quando da sua funda\u00e7\u00e3o, ocupa um lugar de destaque na rede mundial. Nosso principal objetivo \u00e9 propiciar aos jogadores da Categoria Seniors navegar em um website din\u00e2mico, com f\u00e1cil visualiza\u00e7\u00e3o e com todas as [&hellip;]","og_url":"https:\/\/seniorsbrasil.com.br\/etapa2025\/portoalegre\/quem-somos\/","og_site_name":"Seniors Brasil 2025 - Porto Alegre","article_modified_time":"2025-08-16T14:33:29+00:00","og_image":[{"width":224,"height":58,"url":"https:\/\/seniorsbrasil.com.br\/etapa2025\/portoalegre\/wp-content\/uploads\/sites\/3\/2019\/07\/seniors-brasil.png","type":"image\/png"}],"twitter_card":"summary_large_image","twitter_misc":{"Est. tempo de leitura":"2 minutos"},"schema":{"@context":"https:\/\/schema.org","@graph":[{"@type":"WebPage","@id":"https:\/\/seniorsbrasil.com.br\/etapa2025\/portoalegre\/quem-somos\/","url":"https:\/\/seniorsbrasil.com.br\/etapa2025\/portoalegre\/quem-somos\/","name":"Quem Somos - Seniors Brasil 2025 - Porto Alegre","isPartOf":{"@id":"https:\/\/seniorsbrasil.com.br\/etapa2025\/portoalegre\/#website"},"primaryImageOfPage":{"@id":"https:\/\/seniorsbrasil.com.br\/etapa2025\/portoalegre\/quem-somos\/#primaryimage"},"image":{"@id":"https:\/\/seniorsbrasil.com.br\/etapa2025\/portoalegre\/quem-somos\/#primaryimage"},"thumbnailUrl":"https:\/\/seniorsbrasil.com.br\/etapa2025\/wp-content\/uploads\/2022\/01\/seniors-brasil-bottom.png","datePublished":"2025-08-16T14:28:08+00:00","dateModified":"2025-08-16T14:33:29+00:00","breadcrumb":{"@id":"https:\/\/seniorsbrasil.com.br\/etapa2025\/portoalegre\/quem-somos\/#breadcrumb"},"inLanguage":"pt-BR","potentialAction":[{"@type":"ReadAction","target":["https:\/\/seniorsbrasil.com.br\/etapa2025\/portoalegre\/quem-somos\/"]}]},{"@type":"ImageObject","inLanguage":"pt-BR","@id":"https:\/\/seniorsbrasil.com.br\/etapa2025\/portoalegre\/quem-somos\/#primaryimage","url":"https:\/\/seniorsbrasil.com.br\/etapa2025\/wp-content\/uploads\/2022\/01\/seniors-brasil-bottom.png","contentUrl":"https:\/\/seniorsbrasil.com.br\/etapa2025\/wp-content\/uploads\/2022\/01\/seniors-brasil-bottom.png"},{"@type":"BreadcrumbList","@id":"https:\/\/seniorsbrasil.com.br\/etapa2025\/portoalegre\/quem-somos\/#breadcrumb","itemListElement":[{"@type":"ListItem","position":1,"name":"Home","item":"https:\/\/seniorsbrasil.com.br\/etapa2025\/portoalegre\/"},{"@type":"ListItem","position":2,"name":"Quem Somos"}]},{"@type":"WebSite","@id":"https:\/\/seniorsbrasil.com.br\/etapa2025\/portoalegre\/#website","url":"https:\/\/seniorsbrasil.com.br\/etapa2025\/portoalegre\/","name":"Seniors Brasil 2025 - Porto Alegre","description":"Circuito Seniors Brasil 2025","potentialAction":[{"@type":"SearchAction","target":{"@type":"EntryPoint","urlTemplate":"https:\/\/seniorsbrasil.com.br\/etapa2025\/portoalegre\/?s={search_term_string}"},"query-input":{"@type":"PropertyValueSpecification","valueRequired":true,"valueName":"search_term_string"}}],"inLanguage":"pt-BR"}]}},"_links":{"self":[{"href":"https:\/\/seniorsbrasil.com.br\/etapa2025\/portoalegre\/wp-json\/wp\/v2\/pages\/2998","targetHints":{"allow":["GET"]}}],"collection":[{"href":"https:\/\/seniorsbrasil.com.br\/etapa2025\/portoalegre\/wp-json\/wp\/v2\/pages"}],"about":[{"href":"https:\/\/seniorsbrasil.com.br\/etapa2025\/portoalegre\/wp-json\/wp\/v2\/types\/page"}],"author":[{"embeddable":true,"href":"https:\/\/seniorsbrasil.com.br\/etapa2025\/portoalegre\/wp-json\/wp\/v2\/users\/2"}],"replies":[{"embeddable":true,"href":"https:\/\/seniorsbrasil.com.br\/etapa2025\/portoalegre\/wp-json\/wp\/v2\/comments?post=2998"}],"version-history":[{"count":2,"href":"https:\/\/seniorsbrasil.com.br\/etapa2025\/portoalegre\/wp-json\/wp\/v2\/pages\/2998\/revisions"}],"predecessor-version":[{"id":12997,"href":"https:\/\/seniorsbrasil.com.br\/etapa2025\/portoalegre\/wp-json\/wp\/v2\/pages\/2998\/revisions\/12997"}],"wp:attachment":[{"href":"https:\/\/seniorsbrasil.com.br\/etapa2025\/portoalegre\/wp-json\/wp\/v2\/media?parent=2998"}],"curies":[{"name":"wp","href":"https:\/\/api.w.org\/{rel}","templated":true}]}}