{"id":3101,"date":"2025-08-16T10:34:14","date_gmt":"2025-08-16T13:34:14","guid":{"rendered":"https:\/\/seniorsbrasil.com.br\/etapa2019\/poa\/?page_id=3101"},"modified":"2025-08-16T17:27:22","modified_gmt":"2025-08-16T20:27:22","slug":"mais-informacoes","status":"publish","type":"page","link":"https:\/\/seniorsbrasil.com.br\/etapa2025\/portoalegre\/mais-informacoes\/","title":{"rendered":"Mais Informa\u00e7\u00f5es"},"content":{"rendered":"\t\t<div data-elementor-type=\"wp-page\" data-elementor-id=\"3101\" class=\"elementor elementor-3101\" data-elementor-settings=\"{&quot;ha_cmc_init_switcher&quot;:&quot;no&quot;}\" data-elementor-post-type=\"page\">\n\t\t\t\t\t\t<section class=\"elementor-section elementor-top-section elementor-element elementor-element-f05025c elementor-section-boxed elementor-section-height-default elementor-section-height-default\" data-id=\"f05025c\" data-element_type=\"section\" data-settings=\"{&quot;_ha_eqh_enable&quot;:false}\">\n\t\t\t\t\t\t<div class=\"elementor-container elementor-column-gap-default\">\n\t\t\t\t\t<div class=\"elementor-column elementor-col-33 elementor-top-column elementor-element elementor-element-803cbad\" data-id=\"803cbad\" data-element_type=\"column\">\n\t\t\t<div class=\"elementor-widget-wrap elementor-element-populated\">\n\t\t\t\t\t\t<div class=\"elementor-element elementor-element-d63cd73 elementor-view-framed elementor-position-left elementor-shape-circle elementor-mobile-position-top elementor-widget elementor-widget-icon-box\" data-id=\"d63cd73\" data-element_type=\"widget\" data-widget_type=\"icon-box.default\">\n\t\t\t\t<div class=\"elementor-widget-container\">\n\t\t\t\t\t\t\t<div class=\"elementor-icon-box-wrapper\">\n\n\t\t\t\t\t\t<div class=\"elementor-icon-box-icon\">\n\t\t\t\t<span  class=\"elementor-icon\">\n\t\t\t\t<i aria-hidden=\"true\" class=\"far fa-calendar-alt\"><\/i>\t\t\t\t<\/span>\n\t\t\t<\/div>\n\t\t\t\n\t\t\t\t\t\t<div class=\"elementor-icon-box-content\">\n\n\t\t\t\t\t\t\t\t\t<h3 class=\"elementor-icon-box-title\">\n\t\t\t\t\t\t<span  >\n\t\t\t\t\t\t\tLOCAL, DATA E HOR\u00c1RIO\t\t\t\t\t\t<\/span>\n\t\t\t\t\t<\/h3>\n\t\t\t\t\n\t\t\t\t\n\t\t\t<\/div>\n\t\t\t\n\t\t<\/div>\n\t\t\t\t\t\t<\/div>\n\t\t\t\t<\/div>\n\t\t\t\t<div class=\"elementor-element elementor-element-e7ad8da elementor-widget elementor-widget-text-editor\" data-id=\"e7ad8da\" data-element_type=\"widget\" data-widget_type=\"text-editor.default\">\n\t\t\t\t<div class=\"elementor-widget-container\">\n\t\t\t\t\t\t\t\t\t<p><strong>ALJ \u2013 Associa\u00e7\u00e3o Leopoldina Juvenil<br \/><\/strong>Rua Marques do Herval, 280 \u2013 Moinhos de Vento \u2013 Porto Alegre\/RS<\/p><p><strong>03 a 08 de Novembro de 2025<\/strong><\/p><p>Chaves e programa\u00e7\u00e3o ser\u00e3o divulgadas ap\u00f3s o encerramento das inscri\u00e7\u00f5es.<\/p>\t\t\t\t\t\t\t\t<\/div>\n\t\t\t\t<\/div>\n\t\t\t\t\t<\/div>\n\t\t<\/div>\n\t\t\t\t<div class=\"elementor-column elementor-col-33 elementor-top-column elementor-element elementor-element-b46f378\" data-id=\"b46f378\" data-element_type=\"column\">\n\t\t\t<div class=\"elementor-widget-wrap elementor-element-populated\">\n\t\t\t\t\t\t<div class=\"elementor-element elementor-element-f27f42d elementor-view-framed elementor-position-left elementor-shape-circle elementor-mobile-position-top elementor-widget elementor-widget-icon-box\" data-id=\"f27f42d\" data-element_type=\"widget\" data-widget_type=\"icon-box.default\">\n\t\t\t\t<div class=\"elementor-widget-container\">\n\t\t\t\t\t\t\t<div class=\"elementor-icon-box-wrapper\">\n\n\t\t\t\t\t\t<div class=\"elementor-icon-box-icon\">\n\t\t\t\t<span  class=\"elementor-icon\">\n\t\t\t\t<i aria-hidden=\"true\" class=\"fas fa-coins\"><\/i>\t\t\t\t<\/span>\n\t\t\t<\/div>\n\t\t\t\n\t\t\t\t\t\t<div class=\"elementor-icon-box-content\">\n\n\t\t\t\t\t\t\t\t\t<h3 class=\"elementor-icon-box-title\">\n\t\t\t\t\t\t<span  >\n\t\t\t\t\t\t\tFORMA DE PAGAMENTO\t\t\t\t\t\t<\/span>\n\t\t\t\t\t<\/h3>\n\t\t\t\t\n\t\t\t\t\n\t\t\t<\/div>\n\t\t\t\n\t\t<\/div>\n\t\t\t\t\t\t<\/div>\n\t\t\t\t<\/div>\n\t\t\t\t<div class=\"elementor-element elementor-element-4c229b3 elementor-widget elementor-widget-text-editor\" data-id=\"4c229b3\" data-element_type=\"widget\" data-widget_type=\"text-editor.default\">\n\t\t\t\t<div class=\"elementor-widget-container\">\n\t\t\t\t\t\t\t\t\t<p>Sistema Mercado Pago atrav\u00e9s do seu Cart\u00e3o de Cr\u00e9dito, Boleto, Lot\u00e9rica e PIX.<\/p><p>D\u00favidas:<br \/><a href=\"mailto:faleconosco@seniorsbrasil.com.br\">faleconosco@seniorsbrasil.com.br<\/a><\/p>\t\t\t\t\t\t\t\t<\/div>\n\t\t\t\t<\/div>\n\t\t\t\t\t<\/div>\n\t\t<\/div>\n\t\t\t\t<div class=\"elementor-column elementor-col-33 elementor-top-column elementor-element elementor-element-833ef36\" data-id=\"833ef36\" data-element_type=\"column\">\n\t\t\t<div class=\"elementor-widget-wrap elementor-element-populated\">\n\t\t\t\t\t\t<div class=\"elementor-element elementor-element-637849a elementor-view-framed elementor-position-left elementor-shape-circle elementor-mobile-position-top elementor-widget elementor-widget-icon-box\" data-id=\"637849a\" data-element_type=\"widget\" data-widget_type=\"icon-box.default\">\n\t\t\t\t<div class=\"elementor-widget-container\">\n\t\t\t\t\t\t\t<div class=\"elementor-icon-box-wrapper\">\n\n\t\t\t\t\t\t<div class=\"elementor-icon-box-icon\">\n\t\t\t\t<span  class=\"elementor-icon\">\n\t\t\t\t<i aria-hidden=\"true\" class=\"far fa-file-excel\"><\/i>\t\t\t\t<\/span>\n\t\t\t<\/div>\n\t\t\t\n\t\t\t\t\t\t<div class=\"elementor-icon-box-content\">\n\n\t\t\t\t\t\t\t\t\t<h3 class=\"elementor-icon-box-title\">\n\t\t\t\t\t\t<span  >\n\t\t\t\t\t\t\tCANCELAMENTO\t\t\t\t\t\t<\/span>\n\t\t\t\t\t<\/h3>\n\t\t\t\t\n\t\t\t\t\n\t\t\t<\/div>\n\t\t\t\n\t\t<\/div>\n\t\t\t\t\t\t<\/div>\n\t\t\t\t<\/div>\n\t\t\t\t<div class=\"elementor-element elementor-element-6295f66 elementor-widget elementor-widget-text-editor\" data-id=\"6295f66\" data-element_type=\"widget\" data-widget_type=\"text-editor.default\">\n\t\t\t\t<div class=\"elementor-widget-container\">\n\t\t\t\t\t\t\t\t\t<p>Ser\u00e1 considerada cancelada toda inscri\u00e7\u00e3o cujo pagamento n\u00e3o tenha sido efetuado at\u00e9 o dia 28\/10\/2025.<\/p><p>Caso o tenista tenha feito a inscri\u00e7\u00e3o e pago a taxa de inscri\u00e7\u00e3o, a data limite para o cancelamento ser\u00e1 at\u00e9 o dia 28\/10\/2025.<\/p><p>Em caso de cancelamento, o valor da inscri\u00e7\u00e3o ser\u00e1 devolvido com o desconto de 10% referente a taxa administrativa. As devolu\u00e7\u00f5es das inscri\u00e7\u00f5es pagas ser\u00e3o efetuadas pela promotora do evento.<\/p>\t\t\t\t\t\t\t\t<\/div>\n\t\t\t\t<\/div>\n\t\t\t\t\t<\/div>\n\t\t<\/div>\n\t\t\t\t\t<\/div>\n\t\t<\/section>\n\t\t\t\t<section class=\"elementor-section elementor-top-section elementor-element elementor-element-a82f28b elementor-section-boxed elementor-section-height-default elementor-section-height-default\" data-id=\"a82f28b\" data-element_type=\"section\" data-settings=\"{&quot;_ha_eqh_enable&quot;:false}\">\n\t\t\t\t\t\t<div class=\"elementor-container elementor-column-gap-default\">\n\t\t\t\t\t<div class=\"elementor-column elementor-col-33 elementor-top-column elementor-element elementor-element-53921f7\" data-id=\"53921f7\" data-element_type=\"column\">\n\t\t\t<div class=\"elementor-widget-wrap elementor-element-populated\">\n\t\t\t\t\t\t<div class=\"elementor-element elementor-element-a7ba82b elementor-view-framed elementor-position-left elementor-shape-circle elementor-mobile-position-top elementor-widget elementor-widget-icon-box\" data-id=\"a7ba82b\" data-element_type=\"widget\" data-widget_type=\"icon-box.default\">\n\t\t\t\t<div class=\"elementor-widget-container\">\n\t\t\t\t\t\t\t<div class=\"elementor-icon-box-wrapper\">\n\n\t\t\t\t\t\t<div class=\"elementor-icon-box-icon\">\n\t\t\t\t<span  class=\"elementor-icon\">\n\t\t\t\t<i aria-hidden=\"true\" class=\"far fa-lightbulb\"><\/i>\t\t\t\t<\/span>\n\t\t\t<\/div>\n\t\t\t\n\t\t\t\t\t\t<div class=\"elementor-icon-box-content\">\n\n\t\t\t\t\t\t\t\t\t<h3 class=\"elementor-icon-box-title\">\n\t\t\t\t\t\t<span  >\n\t\t\t\t\t\t\tREALIZADOR\t\t\t\t\t\t<\/span>\n\t\t\t\t\t<\/h3>\n\t\t\t\t\n\t\t\t\t\n\t\t\t<\/div>\n\t\t\t\n\t\t<\/div>\n\t\t\t\t\t\t<\/div>\n\t\t\t\t<\/div>\n\t\t\t\t<div class=\"elementor-element elementor-element-a55bcfb elementor-widget elementor-widget-text-editor\" data-id=\"a55bcfb\" data-element_type=\"widget\" data-widget_type=\"text-editor.default\">\n\t\t\t\t<div class=\"elementor-widget-container\">\n\t\t\t\t\t\t\t\t\t<p><strong>PROTENIS PROMO\u00c7\u00d5ES ESPORTIVAS<\/strong><br \/>Rua Felipe Neri, 128 Cj. 301<br \/>Porto Alegre \u2013 RS \u2022 CEP: 90440-150<\/p><p><strong>(51) 3062-6464<\/strong><br \/><strong>secretaria@protenis.com.br<\/strong><\/p>\t\t\t\t\t\t\t\t<\/div>\n\t\t\t\t<\/div>\n\t\t\t\t\t<\/div>\n\t\t<\/div>\n\t\t\t\t<div class=\"elementor-column elementor-col-33 elementor-top-column elementor-element elementor-element-64a50d2\" data-id=\"64a50d2\" data-element_type=\"column\">\n\t\t\t<div class=\"elementor-widget-wrap elementor-element-populated\">\n\t\t\t\t\t\t<div class=\"elementor-element elementor-element-dca0ee3 elementor-view-framed elementor-position-left elementor-shape-circle elementor-mobile-position-top elementor-widget elementor-widget-icon-box\" data-id=\"dca0ee3\" data-element_type=\"widget\" data-widget_type=\"icon-box.default\">\n\t\t\t\t<div class=\"elementor-widget-container\">\n\t\t\t\t\t\t\t<div class=\"elementor-icon-box-wrapper\">\n\n\t\t\t\t\t\t<div class=\"elementor-icon-box-icon\">\n\t\t\t\t<span  class=\"elementor-icon\">\n\t\t\t\t<i aria-hidden=\"true\" class=\"fas fa-plane-departure\"><\/i>\t\t\t\t<\/span>\n\t\t\t<\/div>\n\t\t\t\n\t\t\t\t\t\t<div class=\"elementor-icon-box-content\">\n\n\t\t\t\t\t\t\t\t\t<h3 class=\"elementor-icon-box-title\">\n\t\t\t\t\t\t<span  >\n\t\t\t\t\t\t\tDIST\u00c2NCIA DOS AEROPORTOS\t\t\t\t\t\t<\/span>\n\t\t\t\t\t<\/h3>\n\t\t\t\t\n\t\t\t\t\n\t\t\t<\/div>\n\t\t\t\n\t\t<\/div>\n\t\t\t\t\t\t<\/div>\n\t\t\t\t<\/div>\n\t\t\t\t<div class=\"elementor-element elementor-element-5686bc4 elementor-widget elementor-widget-text-editor\" data-id=\"5686bc4\" data-element_type=\"widget\" data-widget_type=\"text-editor.default\">\n\t\t\t\t<div class=\"elementor-widget-container\">\n\t\t\t\t\t\t\t\t\t<p>Do Aeroporto Internacional Salvado Filho Internacional, fica a 6 km &gt; <br \/>20 min. de carro [sem tr\u00e2nsito] <br \/>35 min. tempo m\u00e9dio com tr\u00e2nsito moderado.<\/p>\t\t\t\t\t\t\t\t<\/div>\n\t\t\t\t<\/div>\n\t\t\t\t\t<\/div>\n\t\t<\/div>\n\t\t\t\t<div class=\"elementor-column elementor-col-33 elementor-top-column elementor-element elementor-element-cfed82e\" data-id=\"cfed82e\" data-element_type=\"column\">\n\t\t\t<div class=\"elementor-widget-wrap elementor-element-populated\">\n\t\t\t\t\t\t<div class=\"elementor-element elementor-element-d9cfb99 elementor-view-framed elementor-position-left elementor-shape-circle elementor-mobile-position-top elementor-widget elementor-widget-icon-box\" data-id=\"d9cfb99\" data-element_type=\"widget\" data-widget_type=\"icon-box.default\">\n\t\t\t\t<div class=\"elementor-widget-container\">\n\t\t\t\t\t\t\t<div class=\"elementor-icon-box-wrapper\">\n\n\t\t\t\t\t\t<div class=\"elementor-icon-box-icon\">\n\t\t\t\t<span  class=\"elementor-icon\">\n\t\t\t\t<i aria-hidden=\"true\" class=\"fas fa-taxi\"><\/i>\t\t\t\t<\/span>\n\t\t\t<\/div>\n\t\t\t\n\t\t\t\t\t\t<div class=\"elementor-icon-box-content\">\n\n\t\t\t\t\t\t\t\t\t<h3 class=\"elementor-icon-box-title\">\n\t\t\t\t\t\t<span  >\n\t\t\t\t\t\t\tT\u00c1XI\t\t\t\t\t\t<\/span>\n\t\t\t\t\t<\/h3>\n\t\t\t\t\n\t\t\t\t\n\t\t\t<\/div>\n\t\t\t\n\t\t<\/div>\n\t\t\t\t\t\t<\/div>\n\t\t\t\t<\/div>\n\t\t\t\t<div class=\"elementor-element elementor-element-49779b4 elementor-widget elementor-widget-text-editor\" data-id=\"49779b4\" data-element_type=\"widget\" data-widget_type=\"text-editor.default\">\n\t\t\t\t<div class=\"elementor-widget-container\">\n\t\t\t\t\t\t\t\t\t<p>T\u00e1xi em Porto Alegre<br \/>\u2013 No trajeto entre o aeroporto e o clube\/hotel, o custo de uma viagem de t\u00e1xi est\u00e1 em torno de R$ 15,00 reais.<br \/>Se o tenista optar pelo Uber, o custo sair\u00e1 por volta de R$ 10,00 reais.<br \/>O tempo estimado \u00e9 de 20 minutos, sem tr\u00e2nsito, e at\u00e9 35 minutos no hor\u00e1rio do rush.<\/p>\t\t\t\t\t\t\t\t<\/div>\n\t\t\t\t<\/div>\n\t\t\t\t\t<\/div>\n\t\t<\/div>\n\t\t\t\t\t<\/div>\n\t\t<\/section>\n\t\t\t\t<section class=\"elementor-section elementor-top-section elementor-element elementor-element-6c58bcb elementor-section-boxed elementor-section-height-default elementor-section-height-default\" data-id=\"6c58bcb\" data-element_type=\"section\" data-settings=\"{&quot;_ha_eqh_enable&quot;:false}\">\n\t\t\t\t\t\t<div class=\"elementor-container elementor-column-gap-default\">\n\t\t\t\t\t<div class=\"elementor-column elementor-col-33 elementor-top-column elementor-element elementor-element-77ca7ee\" data-id=\"77ca7ee\" data-element_type=\"column\">\n\t\t\t<div class=\"elementor-widget-wrap elementor-element-populated\">\n\t\t\t\t\t\t<div class=\"elementor-element elementor-element-a9930ec elementor-view-framed elementor-position-left elementor-shape-circle elementor-mobile-position-top elementor-widget elementor-widget-icon-box\" data-id=\"a9930ec\" data-element_type=\"widget\" data-widget_type=\"icon-box.default\">\n\t\t\t\t<div class=\"elementor-widget-container\">\n\t\t\t\t\t\t\t<div class=\"elementor-icon-box-wrapper\">\n\n\t\t\t\t\t\t<div class=\"elementor-icon-box-icon\">\n\t\t\t\t<span  class=\"elementor-icon\">\n\t\t\t\t<i aria-hidden=\"true\" class=\"fas fa-road\"><\/i>\t\t\t\t<\/span>\n\t\t\t<\/div>\n\t\t\t\n\t\t\t\t\t\t<div class=\"elementor-icon-box-content\">\n\n\t\t\t\t\t\t\t\t\t<h3 class=\"elementor-icon-box-title\">\n\t\t\t\t\t\t<span  >\n\t\t\t\t\t\t\tPRINCIPAIS RUAS E AVENIDAS\t\t\t\t\t\t<\/span>\n\t\t\t\t\t<\/h3>\n\t\t\t\t\n\t\t\t\t\n\t\t\t<\/div>\n\t\t\t\n\t\t<\/div>\n\t\t\t\t\t\t<\/div>\n\t\t\t\t<\/div>\n\t\t\t\t<div class=\"elementor-element elementor-element-07714f6 elementor-widget elementor-widget-text-editor\" data-id=\"07714f6\" data-element_type=\"widget\" data-widget_type=\"text-editor.default\">\n\t\t\t\t<div class=\"elementor-widget-container\">\n\t\t\t\t\t\t\t\t\t<p>Rua Bar\u00e3o de Santo \u00c2ngelo<br \/>Rua Joaquim Caetano da Silva<br \/>Pra\u00e7a Doutor Maur\u00edcio Cardoso<br \/>Rua F\u00e9lix da Cunha \u2013 lado par<br \/>Rua Santo In\u00e1cio<br \/>Rua Padre Chagas<br \/>Rua F\u00e9lix da Cunha \u2013 lado \u00edmpar<\/p>\t\t\t\t\t\t\t\t<\/div>\n\t\t\t\t<\/div>\n\t\t\t\t\t<\/div>\n\t\t<\/div>\n\t\t\t\t<div class=\"elementor-column elementor-col-66 elementor-top-column elementor-element elementor-element-c4a80bb\" data-id=\"c4a80bb\" data-element_type=\"column\">\n\t\t\t<div class=\"elementor-widget-wrap elementor-element-populated\">\n\t\t\t\t\t\t<div class=\"elementor-element elementor-element-8eb915d elementor-view-framed elementor-position-left elementor-shape-circle elementor-mobile-position-top elementor-widget elementor-widget-icon-box\" data-id=\"8eb915d\" data-element_type=\"widget\" data-widget_type=\"icon-box.default\">\n\t\t\t\t<div class=\"elementor-widget-container\">\n\t\t\t\t\t\t\t<div class=\"elementor-icon-box-wrapper\">\n\n\t\t\t\t\t\t<div class=\"elementor-icon-box-icon\">\n\t\t\t\t<span  class=\"elementor-icon\">\n\t\t\t\t<i aria-hidden=\"true\" class=\"fas fa-cocktail\"><\/i>\t\t\t\t<\/span>\n\t\t\t<\/div>\n\t\t\t\n\t\t\t\t\t\t<div class=\"elementor-icon-box-content\">\n\n\t\t\t\t\t\t\t\t\t<h3 class=\"elementor-icon-box-title\">\n\t\t\t\t\t\t<span  >\n\t\t\t\t\t\t\tVIZINHAN\u00c7A, BARES E RESTAURANTES\t\t\t\t\t\t<\/span>\n\t\t\t\t\t<\/h3>\n\t\t\t\t\n\t\t\t\t\n\t\t\t<\/div>\n\t\t\t\n\t\t<\/div>\n\t\t\t\t\t\t<\/div>\n\t\t\t\t<\/div>\n\t\t\t\t<div class=\"elementor-element elementor-element-8f5d31a elementor-widget elementor-widget-text-editor\" data-id=\"8f5d31a\" data-element_type=\"widget\" data-widget_type=\"text-editor.default\">\n\t\t\t\t<div class=\"elementor-widget-container\">\n\t\t\t\t\t\t\t\t\t<p><strong>Moinhos de Vento<\/strong> \u00e9 um bairro nobre da cidade de Porto Alegre, capital do estado do Rio Grande do Sul. O bairro fundado no final da d\u00e9cada de 1950, ganhou este nome em homenagem aos moinhos trazidos pelas fam\u00edlias de a\u00e7orianos que se estabeleceram na regi\u00e3o plantavam e mo\u00edam trigo.<\/p><p>Moinhos de Vento \u00e9 um bairro com atmosfera elegante, requintada e tradicional, com muitos casar\u00f5es antigos. Tem em seus limites territoriais, os bairros Independ\u00eancia, Floresta e Auxiliadora. O bairro tamb\u00e9m \u00e9 conhecido pela famosa \u201cCal\u00e7ada da Fama\u201d ga\u00facha, onde existem muitos restaurantes e bares tem\u00e1ticos, \u00f3tima gastronomia, e possui um grande Shopping.<\/p><p>A <strong>ALJ \u2013 Associa\u00e7\u00e3o Leopoldina Juvenil<\/strong> est\u00e1 sediada em um dos pr\u00e9dios mais tradicionais da regi\u00e3o.<\/p>\t\t\t\t\t\t\t\t<\/div>\n\t\t\t\t<\/div>\n\t\t\t\t\t<\/div>\n\t\t<\/div>\n\t\t\t\t\t<\/div>\n\t\t<\/section>\n\t\t\t\t<\/div>\n\t\t","protected":false},"excerpt":{"rendered":"<p>LOCAL, DATA E HOR\u00c1RIO ALJ \u2013 Associa\u00e7\u00e3o Leopoldina JuvenilRua Marques do Herval, 280 \u2013 Moinhos de Vento \u2013 Porto Alegre\/RS 03 a 08 de Novembro de 2025 Chaves e programa\u00e7\u00e3o ser\u00e3o divulgadas ap\u00f3s o encerramento das inscri\u00e7\u00f5es. FORMA DE PAGAMENTO Sistema Mercado Pago atrav\u00e9s do seu Cart\u00e3o de Cr\u00e9dito, Boleto, Lot\u00e9rica e PIX. D\u00favidas:faleconosco@seniorsbrasil.com.br CANCELAMENTO [&hellip;]<\/p>\n","protected":false},"author":2,"featured_media":0,"parent":0,"menu_order":9,"comment_status":"closed","ping_status":"closed","template":"","meta":{"ngg_post_thumbnail":0,"footnotes":""},"class_list":["post-3101","page","type-page","status-publish","hentry"],"yoast_head":"<!-- This site is optimized with the Yoast SEO Premium plugin v20.6 (Yoast SEO v25.8) - https:\/\/yoast.com\/wordpress\/plugins\/seo\/ -->\n<title>Mais Informa\u00e7\u00f5es - Seniors Brasil 2025 - Porto Alegre<\/title>\n<meta name=\"robots\" content=\"index, follow, max-snippet:-1, max-image-preview:large, max-video-preview:-1\" \/>\n<link rel=\"canonical\" href=\"https:\/\/seniorsbrasil.com.br\/etapa2025\/portoalegre\/mais-informacoes\/\" \/>\n<meta property=\"og:locale\" content=\"pt_BR\" \/>\n<meta property=\"og:type\" content=\"article\" \/>\n<meta property=\"og:title\" content=\"Mais Informa\u00e7\u00f5es\" \/>\n<meta property=\"og:description\" content=\"LOCAL, DATA E HOR\u00c1RIO ALJ \u2013 Associa\u00e7\u00e3o Leopoldina JuvenilRua Marques do Herval, 280 \u2013 Moinhos de Vento \u2013 Porto Alegre\/RS 03 a 08 de Novembro de 2025 Chaves e programa\u00e7\u00e3o ser\u00e3o divulgadas ap\u00f3s o encerramento das inscri\u00e7\u00f5es. FORMA DE PAGAMENTO Sistema Mercado Pago atrav\u00e9s do seu Cart\u00e3o de Cr\u00e9dito, Boleto, Lot\u00e9rica e PIX. D\u00favidas:faleconosco@seniorsbrasil.com.br CANCELAMENTO [&hellip;]\" \/>\n<meta property=\"og:url\" content=\"https:\/\/seniorsbrasil.com.br\/etapa2025\/portoalegre\/mais-informacoes\/\" \/>\n<meta property=\"og:site_name\" content=\"Seniors Brasil 2025 - Porto Alegre\" \/>\n<meta property=\"article:modified_time\" content=\"2025-08-16T20:27:22+00:00\" \/>\n<meta name=\"twitter:card\" content=\"summary_large_image\" \/>\n<meta name=\"twitter:label1\" content=\"Est. tempo de leitura\" \/>\n\t<meta name=\"twitter:data1\" content=\"3 minutos\" \/>\n<script type=\"application\/ld+json\" class=\"yoast-schema-graph\">{\"@context\":\"https:\/\/schema.org\",\"@graph\":[{\"@type\":\"WebPage\",\"@id\":\"https:\/\/seniorsbrasil.com.br\/etapa2025\/portoalegre\/mais-informacoes\/\",\"url\":\"https:\/\/seniorsbrasil.com.br\/etapa2025\/portoalegre\/mais-informacoes\/\",\"name\":\"Mais Informa\u00e7\u00f5es - Seniors Brasil 2025 - Porto Alegre\",\"isPartOf\":{\"@id\":\"https:\/\/seniorsbrasil.com.br\/etapa2025\/portoalegre\/#website\"},\"datePublished\":\"2025-08-16T13:34:14+00:00\",\"dateModified\":\"2025-08-16T20:27:22+00:00\",\"breadcrumb\":{\"@id\":\"https:\/\/seniorsbrasil.com.br\/etapa2025\/portoalegre\/mais-informacoes\/#breadcrumb\"},\"inLanguage\":\"pt-BR\",\"potentialAction\":[{\"@type\":\"ReadAction\",\"target\":[\"https:\/\/seniorsbrasil.com.br\/etapa2025\/portoalegre\/mais-informacoes\/\"]}]},{\"@type\":\"BreadcrumbList\",\"@id\":\"https:\/\/seniorsbrasil.com.br\/etapa2025\/portoalegre\/mais-informacoes\/#breadcrumb\",\"itemListElement\":[{\"@type\":\"ListItem\",\"position\":1,\"name\":\"Home\",\"item\":\"https:\/\/seniorsbrasil.com.br\/etapa2025\/portoalegre\/\"},{\"@type\":\"ListItem\",\"position\":2,\"name\":\"Mais Informa\u00e7\u00f5es\"}]},{\"@type\":\"WebSite\",\"@id\":\"https:\/\/seniorsbrasil.com.br\/etapa2025\/portoalegre\/#website\",\"url\":\"https:\/\/seniorsbrasil.com.br\/etapa2025\/portoalegre\/\",\"name\":\"Seniors Brasil 2025 - Porto Alegre\",\"description\":\"Circuito Seniors Brasil 2025\",\"potentialAction\":[{\"@type\":\"SearchAction\",\"target\":{\"@type\":\"EntryPoint\",\"urlTemplate\":\"https:\/\/seniorsbrasil.com.br\/etapa2025\/portoalegre\/?s={search_term_string}\"},\"query-input\":{\"@type\":\"PropertyValueSpecification\",\"valueRequired\":true,\"valueName\":\"search_term_string\"}}],\"inLanguage\":\"pt-BR\"}]}<\/script>\n<!-- \/ Yoast SEO Premium plugin. -->","yoast_head_json":{"title":"Mais Informa\u00e7\u00f5es - Seniors Brasil 2025 - Porto Alegre","robots":{"index":"index","follow":"follow","max-snippet":"max-snippet:-1","max-image-preview":"max-image-preview:large","max-video-preview":"max-video-preview:-1"},"canonical":"https:\/\/seniorsbrasil.com.br\/etapa2025\/portoalegre\/mais-informacoes\/","og_locale":"pt_BR","og_type":"article","og_title":"Mais Informa\u00e7\u00f5es","og_description":"LOCAL, DATA E HOR\u00c1RIO ALJ \u2013 Associa\u00e7\u00e3o Leopoldina JuvenilRua Marques do Herval, 280 \u2013 Moinhos de Vento \u2013 Porto Alegre\/RS 03 a 08 de Novembro de 2025 Chaves e programa\u00e7\u00e3o ser\u00e3o divulgadas ap\u00f3s o encerramento das inscri\u00e7\u00f5es. FORMA DE PAGAMENTO Sistema Mercado Pago atrav\u00e9s do seu Cart\u00e3o de Cr\u00e9dito, Boleto, Lot\u00e9rica e PIX. D\u00favidas:faleconosco@seniorsbrasil.com.br CANCELAMENTO [&hellip;]","og_url":"https:\/\/seniorsbrasil.com.br\/etapa2025\/portoalegre\/mais-informacoes\/","og_site_name":"Seniors Brasil 2025 - Porto Alegre","article_modified_time":"2025-08-16T20:27:22+00:00","twitter_card":"summary_large_image","twitter_misc":{"Est. tempo de leitura":"3 minutos"},"schema":{"@context":"https:\/\/schema.org","@graph":[{"@type":"WebPage","@id":"https:\/\/seniorsbrasil.com.br\/etapa2025\/portoalegre\/mais-informacoes\/","url":"https:\/\/seniorsbrasil.com.br\/etapa2025\/portoalegre\/mais-informacoes\/","name":"Mais Informa\u00e7\u00f5es - Seniors Brasil 2025 - Porto Alegre","isPartOf":{"@id":"https:\/\/seniorsbrasil.com.br\/etapa2025\/portoalegre\/#website"},"datePublished":"2025-08-16T13:34:14+00:00","dateModified":"2025-08-16T20:27:22+00:00","breadcrumb":{"@id":"https:\/\/seniorsbrasil.com.br\/etapa2025\/portoalegre\/mais-informacoes\/#breadcrumb"},"inLanguage":"pt-BR","potentialAction":[{"@type":"ReadAction","target":["https:\/\/seniorsbrasil.com.br\/etapa2025\/portoalegre\/mais-informacoes\/"]}]},{"@type":"BreadcrumbList","@id":"https:\/\/seniorsbrasil.com.br\/etapa2025\/portoalegre\/mais-informacoes\/#breadcrumb","itemListElement":[{"@type":"ListItem","position":1,"name":"Home","item":"https:\/\/seniorsbrasil.com.br\/etapa2025\/portoalegre\/"},{"@type":"ListItem","position":2,"name":"Mais Informa\u00e7\u00f5es"}]},{"@type":"WebSite","@id":"https:\/\/seniorsbrasil.com.br\/etapa2025\/portoalegre\/#website","url":"https:\/\/seniorsbrasil.com.br\/etapa2025\/portoalegre\/","name":"Seniors Brasil 2025 - Porto Alegre","description":"Circuito Seniors Brasil 2025","potentialAction":[{"@type":"SearchAction","target":{"@type":"EntryPoint","urlTemplate":"https:\/\/seniorsbrasil.com.br\/etapa2025\/portoalegre\/?s={search_term_string}"},"query-input":{"@type":"PropertyValueSpecification","valueRequired":true,"valueName":"search_term_string"}}],"inLanguage":"pt-BR"}]}},"_links":{"self":[{"href":"https:\/\/seniorsbrasil.com.br\/etapa2025\/portoalegre\/wp-json\/wp\/v2\/pages\/3101","targetHints":{"allow":["GET"]}}],"collection":[{"href":"https:\/\/seniorsbrasil.com.br\/etapa2025\/portoalegre\/wp-json\/wp\/v2\/pages"}],"about":[{"href":"https:\/\/seniorsbrasil.com.br\/etapa2025\/portoalegre\/wp-json\/wp\/v2\/types\/page"}],"author":[{"embeddable":true,"href":"https:\/\/seniorsbrasil.com.br\/etapa2025\/portoalegre\/wp-json\/wp\/v2\/users\/2"}],"replies":[{"embeddable":true,"href":"https:\/\/seniorsbrasil.com.br\/etapa2025\/portoalegre\/wp-json\/wp\/v2\/comments?post=3101"}],"version-history":[{"count":85,"href":"https:\/\/seniorsbrasil.com.br\/etapa2025\/portoalegre\/wp-json\/wp\/v2\/pages\/3101\/revisions"}],"predecessor-version":[{"id":13850,"href":"https:\/\/seniorsbrasil.com.br\/etapa2025\/portoalegre\/wp-json\/wp\/v2\/pages\/3101\/revisions\/13850"}],"wp:attachment":[{"href":"https:\/\/seniorsbrasil.com.br\/etapa2025\/portoalegre\/wp-json\/wp\/v2\/media?parent=3101"}],"curies":[{"name":"wp","href":"https:\/\/api.w.org\/{rel}","templated":true}]}}