{"id":3922,"date":"2025-05-01T11:43:51","date_gmt":"2025-05-01T14:43:51","guid":{"rendered":"https:\/\/seniorsbrasil.com.br\/etapa2021\/?page_id=3922"},"modified":"2025-05-05T11:43:05","modified_gmt":"2025-05-05T14:43:05","slug":"saudades","status":"publish","type":"page","link":"https:\/\/seniorsbrasil.com.br\/etapa2025\/saudades\/","title":{"rendered":"Saudades"},"content":{"rendered":"<p><a href=\"https:\/\/seniorsbrasil.com.br\/etapa2021\/blog\/2021\/03\/28\/tenis-perde-antenor-zuchetto\/\" target=\"_blank\" rel=\"noopener\">T\u00eanis perde Antenor Zuchetto \u2013 Seniors Brasil 2021<\/a><\/p>\n<p>Como era Antenor Zuchetto nos eventos?<\/p>\n<p>Compartilhe com todos as hist\u00f3rias desta lenda do T\u00eanis Seniors:<\/p>\n<p>Nelson Nastas &#8211; 29\/03\/2021<\/p>\n<p>Uma (das tantas) passagem com ele: 1976 &#8211; Camp. Brasileiro em Uberl\u00e2ndia, eu era o chefe da delega\u00e7\u00e3o; liguei pra ele, para combinar passagem, n\u00famero de voo, dia\/hor\u00e1rio, e ele responde: &#8220;n\u00e3o se preocupe comigo n\u00e3o; j\u00e1 comprei a passagem de \u00f4nibus, que prefiro ir vendo a paisagem&#8221;; ok.<br \/>\nQuando chego l\u00e1 come\u00e7o a distribuir os quartos no hotel e, cade o Zucha?; encontrei ele no clube, quando me responde &#8220;eu prefiro ficar no alojamento, \u00e9 mais a vontade, j\u00e1 acordo no clube&#8221; e ainda: primeira rodada ele ganha por WO, chegou pra mim e disse &#8220;procura o cara que eu n\u00e3o vim aqu\u00ed pra ganhar de WO; jogo a hora que ele quiser&#8221;. Foi campe\u00e3o de simples, duplas e duplas mistas!!!!!!<br \/>\nConclus\u00e3o: po\u00e7o de humildade, carisma e profissionalismo. Tinha um carinho muito grande por ele.<\/p>\n","protected":false},"excerpt":{"rendered":"<p>T\u00eanis perde Antenor Zuchetto \u2013 Seniors Brasil 2021 Como era Antenor Zuchetto nos eventos? Compartilhe com todos as hist\u00f3rias desta lenda do T\u00eanis Seniors: Nelson Nastas &#8211; 29\/03\/2021 Uma (das tantas) passagem com ele: 1976 &#8211; Camp. Brasileiro em Uberl\u00e2ndia, eu era o chefe da delega\u00e7\u00e3o; liguei pra ele, para combinar passagem, n\u00famero de voo, [&hellip;]<\/p>\n","protected":false},"author":2,"featured_media":0,"parent":0,"menu_order":9,"comment_status":"closed","ping_status":"closed","template":"","meta":{"ngg_post_thumbnail":0,"footnotes":""},"class_list":["post-3922","page","type-page","status-publish","hentry"],"yoast_head":"<!-- This site is optimized with the Yoast SEO Premium plugin v20.6 (Yoast SEO v25.8) - https:\/\/yoast.com\/wordpress\/plugins\/seo\/ -->\n<title>Saudades - Seniors Brasil 2025<\/title>\n<meta name=\"robots\" content=\"index, follow, max-snippet:-1, max-image-preview:large, max-video-preview:-1\" \/>\n<link rel=\"canonical\" href=\"https:\/\/seniorsbrasil.com.br\/etapa2025\/saudades\/\" \/>\n<meta property=\"og:locale\" content=\"pt_BR\" \/>\n<meta property=\"og:type\" content=\"article\" \/>\n<meta property=\"og:title\" content=\"Saudades\" \/>\n<meta property=\"og:description\" content=\"T\u00eanis perde Antenor Zuchetto \u2013 Seniors Brasil 2021 Como era Antenor Zuchetto nos eventos? Compartilhe com todos as hist\u00f3rias desta lenda do T\u00eanis Seniors: Nelson Nastas &#8211; 29\/03\/2021 Uma (das tantas) passagem com ele: 1976 &#8211; Camp. Brasileiro em Uberl\u00e2ndia, eu era o chefe da delega\u00e7\u00e3o; liguei pra ele, para combinar passagem, n\u00famero de voo, [&hellip;]\" \/>\n<meta property=\"og:url\" content=\"https:\/\/seniorsbrasil.com.br\/etapa2025\/saudades\/\" \/>\n<meta property=\"og:site_name\" content=\"Seniors Brasil 2025\" \/>\n<meta property=\"article:modified_time\" content=\"2025-05-05T14:43:05+00:00\" \/>\n<meta name=\"twitter:card\" content=\"summary_large_image\" \/>\n<meta name=\"twitter:label1\" content=\"Est. tempo de leitura\" \/>\n\t<meta name=\"twitter:data1\" content=\"1 minuto\" \/>\n<script type=\"application\/ld+json\" class=\"yoast-schema-graph\">{\"@context\":\"https:\/\/schema.org\",\"@graph\":[{\"@type\":\"WebPage\",\"@id\":\"https:\/\/seniorsbrasil.com.br\/etapa2025\/saudades\/\",\"url\":\"https:\/\/seniorsbrasil.com.br\/etapa2025\/saudades\/\",\"name\":\"Saudades - Seniors Brasil 2025\",\"isPartOf\":{\"@id\":\"https:\/\/seniorsbrasil.com.br\/etapa2025\/#website\"},\"datePublished\":\"2025-05-01T14:43:51+00:00\",\"dateModified\":\"2025-05-05T14:43:05+00:00\",\"breadcrumb\":{\"@id\":\"https:\/\/seniorsbrasil.com.br\/etapa2025\/saudades\/#breadcrumb\"},\"inLanguage\":\"pt-BR\",\"potentialAction\":[{\"@type\":\"ReadAction\",\"target\":[\"https:\/\/seniorsbrasil.com.br\/etapa2025\/saudades\/\"]}]},{\"@type\":\"BreadcrumbList\",\"@id\":\"https:\/\/seniorsbrasil.com.br\/etapa2025\/saudades\/#breadcrumb\",\"itemListElement\":[{\"@type\":\"ListItem\",\"position\":1,\"name\":\"Home\",\"item\":\"https:\/\/seniorsbrasil.com.br\/etapa2025\/\"},{\"@type\":\"ListItem\",\"position\":2,\"name\":\"Saudades\"}]},{\"@type\":\"WebSite\",\"@id\":\"https:\/\/seniorsbrasil.com.br\/etapa2025\/#website\",\"url\":\"https:\/\/seniorsbrasil.com.br\/etapa2025\/\",\"name\":\"Seniors Brasil 2025\",\"description\":\"Circuito Seniors Brasil 2025\",\"potentialAction\":[{\"@type\":\"SearchAction\",\"target\":{\"@type\":\"EntryPoint\",\"urlTemplate\":\"https:\/\/seniorsbrasil.com.br\/etapa2025\/?s={search_term_string}\"},\"query-input\":{\"@type\":\"PropertyValueSpecification\",\"valueRequired\":true,\"valueName\":\"search_term_string\"}}],\"inLanguage\":\"pt-BR\"}]}<\/script>\n<!-- \/ Yoast SEO Premium plugin. -->","yoast_head_json":{"title":"Saudades - Seniors Brasil 2025","robots":{"index":"index","follow":"follow","max-snippet":"max-snippet:-1","max-image-preview":"max-image-preview:large","max-video-preview":"max-video-preview:-1"},"canonical":"https:\/\/seniorsbrasil.com.br\/etapa2025\/saudades\/","og_locale":"pt_BR","og_type":"article","og_title":"Saudades","og_description":"T\u00eanis perde Antenor Zuchetto \u2013 Seniors Brasil 2021 Como era Antenor Zuchetto nos eventos? Compartilhe com todos as hist\u00f3rias desta lenda do T\u00eanis Seniors: Nelson Nastas &#8211; 29\/03\/2021 Uma (das tantas) passagem com ele: 1976 &#8211; Camp. Brasileiro em Uberl\u00e2ndia, eu era o chefe da delega\u00e7\u00e3o; liguei pra ele, para combinar passagem, n\u00famero de voo, [&hellip;]","og_url":"https:\/\/seniorsbrasil.com.br\/etapa2025\/saudades\/","og_site_name":"Seniors Brasil 2025","article_modified_time":"2025-05-05T14:43:05+00:00","twitter_card":"summary_large_image","twitter_misc":{"Est. tempo de leitura":"1 minuto"},"schema":{"@context":"https:\/\/schema.org","@graph":[{"@type":"WebPage","@id":"https:\/\/seniorsbrasil.com.br\/etapa2025\/saudades\/","url":"https:\/\/seniorsbrasil.com.br\/etapa2025\/saudades\/","name":"Saudades - Seniors Brasil 2025","isPartOf":{"@id":"https:\/\/seniorsbrasil.com.br\/etapa2025\/#website"},"datePublished":"2025-05-01T14:43:51+00:00","dateModified":"2025-05-05T14:43:05+00:00","breadcrumb":{"@id":"https:\/\/seniorsbrasil.com.br\/etapa2025\/saudades\/#breadcrumb"},"inLanguage":"pt-BR","potentialAction":[{"@type":"ReadAction","target":["https:\/\/seniorsbrasil.com.br\/etapa2025\/saudades\/"]}]},{"@type":"BreadcrumbList","@id":"https:\/\/seniorsbrasil.com.br\/etapa2025\/saudades\/#breadcrumb","itemListElement":[{"@type":"ListItem","position":1,"name":"Home","item":"https:\/\/seniorsbrasil.com.br\/etapa2025\/"},{"@type":"ListItem","position":2,"name":"Saudades"}]},{"@type":"WebSite","@id":"https:\/\/seniorsbrasil.com.br\/etapa2025\/#website","url":"https:\/\/seniorsbrasil.com.br\/etapa2025\/","name":"Seniors Brasil 2025","description":"Circuito Seniors Brasil 2025","potentialAction":[{"@type":"SearchAction","target":{"@type":"EntryPoint","urlTemplate":"https:\/\/seniorsbrasil.com.br\/etapa2025\/?s={search_term_string}"},"query-input":{"@type":"PropertyValueSpecification","valueRequired":true,"valueName":"search_term_string"}}],"inLanguage":"pt-BR"}]}},"_links":{"self":[{"href":"https:\/\/seniorsbrasil.com.br\/etapa2025\/wp-json\/wp\/v2\/pages\/3922","targetHints":{"allow":["GET"]}}],"collection":[{"href":"https:\/\/seniorsbrasil.com.br\/etapa2025\/wp-json\/wp\/v2\/pages"}],"about":[{"href":"https:\/\/seniorsbrasil.com.br\/etapa2025\/wp-json\/wp\/v2\/types\/page"}],"author":[{"embeddable":true,"href":"https:\/\/seniorsbrasil.com.br\/etapa2025\/wp-json\/wp\/v2\/users\/2"}],"replies":[{"embeddable":true,"href":"https:\/\/seniorsbrasil.com.br\/etapa2025\/wp-json\/wp\/v2\/comments?post=3922"}],"version-history":[{"count":2,"href":"https:\/\/seniorsbrasil.com.br\/etapa2025\/wp-json\/wp\/v2\/pages\/3922\/revisions"}],"predecessor-version":[{"id":4980,"href":"https:\/\/seniorsbrasil.com.br\/etapa2025\/wp-json\/wp\/v2\/pages\/3922\/revisions\/4980"}],"wp:attachment":[{"href":"https:\/\/seniorsbrasil.com.br\/etapa2025\/wp-json\/wp\/v2\/media?parent=3922"}],"curies":[{"name":"wp","href":"https:\/\/api.w.org\/{rel}","templated":true}]}}