{"id":3969,"date":"2025-05-01T13:26:04","date_gmt":"2025-05-01T16:26:04","guid":{"rendered":"https:\/\/seniorsbrasil.com.br\/etapa2021\/?page_id=3969"},"modified":"2025-05-05T11:43:31","modified_gmt":"2025-05-05T14:43:31","slug":"politicas-de-cookies-e-privacidade","status":"publish","type":"page","link":"https:\/\/seniorsbrasil.com.br\/etapa2025\/politicas-de-cookies-e-privacidade\/","title":{"rendered":"Pol\u00edticas de Cookies e Privacidade"},"content":{"rendered":"<h2>Pol\u00edtica de privacidade para o <a href=\"https:\/\/seniorsbrasil.com.br\/\"><b>Seniors Brasil <\/b><\/a><\/h2>\n<p>Este site utiliza cookies de publicidade incluindo o Google, usam cookies para veicular an\u00fancios com base em visitas anteriores do usu\u00e1rio ao seu website ou a outros websites.<\/p>\n<p>Com o uso de cookies de publicidade, o Google e os parceiros podem veicular an\u00fancios para os usu\u00e1rios com base nas visitas feitas aos seus sites e\/ou a outros sites na Internet.<\/p>\n<p>Voc\u00ea pode desativar a publicidade personalizada acessando as <a href=\"https:\/\/www.google.com\/settings\/ads\">Configura\u00e7\u00f5es de an\u00fancios<\/a>. Como alternativa, voc\u00ea pode a acessar o site <a href=\"http:\/\/www.aboutads.info\/choices\/\">www.aboutads.info<\/a> para desativar o uso de cookies de publicidade personalizada de terceiros.<\/p>\n<p>Todas as suas informa\u00e7\u00f5es pessoais recolhidas, ser\u00e3o usadas para o ajudar a tornar a sua visita no nosso site o mais produtiva e agrad\u00e1vel poss\u00edvel.<\/p>\n<p>A garantia da confidencialidade dos dados pessoais dos utilizadores do nosso site \u00e9 importante para o Seniors Brasil.<\/p>\n<p>Todas as informa\u00e7\u00f5es pessoais relativas a membros, assinantes, clientes ou visitantes que usem o Seniors Brasil ser\u00e3o tratadas em concord\u00e2ncia com a Lei da Prote\u00e7\u00e3o de Dados Pessoais de 26 de outubro de 1998 (Lei n.\u00ba 67\/98).<\/p>\n<p>A informa\u00e7\u00e3o pessoal recolhida pode incluir o seu nome, e-mail, n\u00famero de telefone e\/ou telem\u00f3vel, morada, data de nascimento e\/ou outros.<\/p>\n<p>O uso\/navega\u00e7\u00e3o do site Seniors Brasil pressup\u00f5e a aceita\u00e7\u00e3o deste acordo de privacidade. A equipe do Seniors Brasil reserva-se ao direito de alterar este acordo sem aviso pr\u00e9vio. Deste modo, recomendamos que consulte a nossa pol\u00edtica de privacidade com regularidade de forma a estar sempre atualizado.<\/p>\n<h2><b>Os an\u00fancios<\/b><\/h2>\n<p>Tal como outros websites, coletamos e utilizamos informa\u00e7\u00e3o contida nos an\u00fancios. A informa\u00e7\u00e3o contida nos an\u00fancios, inclui o seu endere\u00e7o IP (Internet Protocol), o seu ISP (Internet Service Provider, como o Sapo, Clix, ou outro), o browser que utilizou ao visitar o nosso website (como o Internet Explorer ou o Firefox), o tempo da sua visita e que p\u00e1ginas visitou dentro do nosso website.<\/p>\n<h2><b>Cookie DoubleClick Dart<\/b><\/h2>\n<p>O Google, como fornecedor de terceiros, utiliza cookies para exibir an\u00fancios no nosso website;<\/p>\n<p>Com o cookie DART, o Google pode exibir an\u00fancios com base nas visitas que o leitor fez a outros websites na Internet;<\/p>\n<p>Os utilizadores podem desativar o cookie DART visitando a Pol\u00edtica de privacidade da rede de conte\u00fado e dos an\u00fancios do Google.<\/p>\n<h2><b>Os Cookies e Web Beacons<\/b><\/h2>\n<p>Utilizamos cookies para armazenar informa\u00e7\u00e3o, tais como as suas prefer\u00eancias pessoas quando visita o nosso website. Isto poder\u00e1 incluir um simples popup, ou uma liga\u00e7\u00e3o em v\u00e1rios servi\u00e7os que providenciamos, tais como f\u00f3runs.<\/p>\n<p>Em adi\u00e7\u00e3o tamb\u00e9m utilizamos publicidade de terceiros no nosso website para suportar os custos de manuten\u00e7\u00e3o. Alguns destes publicit\u00e1rios, poder\u00e3o utilizar tecnologias como os cookies e\/ou web beacons quando publicitam no nosso website, o que far\u00e1 com que esses publicit\u00e1rios (como o Google atrav\u00e9s do Google AdSense) tamb\u00e9m recebam a sua informa\u00e7\u00e3o pessoal, como o endere\u00e7o IP, o seu ISP, o seu browser, etc. Esta fun\u00e7\u00e3o \u00e9 geralmente utilizada para geotargeting (mostrar publicidade de Lisboa apenas aos leitores oriundos de Lisboa por ex.) ou apresentar publicidade direcionada a um tipo de utilizador (como mostrar publicidade de restaurante a um utilizador que visita sites de culin\u00e1ria regularmente, por ex.).<\/p>\n<p>Voc\u00ea det\u00e9m o poder de desligar os seus cookies, nas op\u00e7\u00f5es do seu browser, ou efetuando altera\u00e7\u00f5es nas ferramentas de programas Anti-Virus, como o Norton Internet Security. No entanto, isso poder\u00e1 alterar a forma como interage com o nosso website, ou outros websites. Isso poder\u00e1 afetar ou n\u00e3o permitir que fa\u00e7a logins em programas, sites ou f\u00f3runs da nossa e de outras redes.<\/p>\n<h2><b>Liga\u00e7\u00f5es a Sites de terceiros<\/b><\/h2>\n<p>O Seniors Brasil possui liga\u00e7\u00f5es para outros sites, os quais, a nosso ver, podem conter informa\u00e7\u00f5es \/ ferramentas \u00fateis para os nossos visitantes. A nossa pol\u00edtica de privacidade n\u00e3o \u00e9 aplicada a sites de terceiros, pelo que, caso visite outro site a partir do nosso dever\u00e1 ler a pol\u00edtica de privacidade do mesmo.<\/p>\n<p>N\u00e3o nos responsabilizamos pela pol\u00edtica de privacidade ou conte\u00fado presente nesses mesmos sites.<\/p>\n<p>O website Seniors Brasil declara que n\u00e3o utiliza e-mails para pol\u00edticas de SPAM ou de envio de mensagens indesejadas.<\/p>\n<h2><b>An\u00fancios e AdSense<\/b><\/h2>\n<p>O website Seniors Brasil n\u00e3o tem responsabilidade pelo conte\u00fado, pelas promessas e pela veracidade das informa\u00e7\u00f5es dos an\u00fancios exibidos pelos seus patrocinadores, ficando claro que toda a responsabilidade pelos an\u00fancios exibidos no website s\u00e3o de responsabilidade dos anunciantes.<\/p>\n<p>O website Seniors Brasil pode utilizar cookies e\/ou web beacons quando um usu\u00e1rio tem acesso \u00e0s p\u00e1ginas, os cookies que podem ser utilizados associam-se (quando for o caso) apenas com o navegador de um determinado computador.<\/p>\n<p>O website Seniors Brasil \u00e9 rentabilizado por empresas de publicidade de terceiros para exibir an\u00fancios durante a sua visita ao nosso website, essas empresas podem usar informa\u00e7\u00f5es sobre suas visitas a este e a outros websites com a finalidade de exibir an\u00fancios relacionados a produtos e servi\u00e7os de seu interesse, as informa\u00e7\u00f5es sobre suas visitas n\u00e3o incluem o seu nome, o seu endere\u00e7o, seu endere\u00e7o de e-mail ou seu n\u00famero de telefone, para obter mais informa\u00e7\u00f5es sobre essa pr\u00e1tica e saber como desativar o cookie DART, acesse a <a href=\"https:\/\/www.google.com\/privacy_ads.html\"><b>pol\u00edtica de privacidade da rede de conte\u00fado e dos an\u00fancios do Google<\/b><\/a>&nbsp;e as <a href=\"http:\/\/emea.doubleclick.com\/PT-BR\/privacy\/faq.aspx\"><b>perguntas frequentes sobre privacidade<\/b><\/a>.<\/p>\n<p>A Seniors Brasil n\u00e3o captura e nem gerencia dados de usu\u00e1rios, os an\u00fancios podem utilizar cookies e todas as informa\u00e7\u00f5es do anunciante podem ser acessadas no link <a href=\"https:\/\/www.google.com\/policies\/technologies\/partner-sites\/\">https:\/\/www.google.com\/policies\/technologies\/partner-sites\/<\/a> onde \u00e9 explicado em detalhes como o Google gerencia os dados em seus produtos de an\u00fancios.<\/p>\n<p>Os cookies que s\u00e3o utilizados neste site podem ser instalados pelo mesmo, os quais s\u00e3o originados dos diferentes servidores operados por este, ou a partir dos servidores de terceiros que prestam servi\u00e7os e instalam cookies e\/ou web beacons, para citar um exemplo, os cookies s\u00e3o utilizados para prover servi\u00e7os de publicidade atrav\u00e9s dos quais o usu\u00e1rio visualiza a publicidade ou conte\u00fados em tempo pr\u00e9 determinados, o usu\u00e1rio poder\u00e1 pesquisar o disco r\u00edgido de seu computador conforme instru\u00e7\u00f5es do pr\u00f3prio navegador.<\/p>\n<p>O usu\u00e1rio tem a possibilidade de configurar seu navegador para ser avisado, na tela do computador, sobre a recep\u00e7\u00e3o dos cookies e para impedir a sua instala\u00e7\u00e3o no disco r\u00edgido, as informa\u00e7\u00f5es relacionadas a esta configura\u00e7\u00e3o est\u00e3o dispon\u00edveis nas instru\u00e7\u00f5es do pr\u00f3prio navegador.<\/p>\n<p>Este site Utiliza o Remarketing com o Google Analytics para anunciar online.<\/p>\n<p>Fornecedores terceiros, incluindo o Google, mostram os seus an\u00fancios em Websites na Internet.<\/p>\n<p>Utiliza, assim como os fornecedores terceiros, incluindo a Google, cookies originais (como o cookie do Google Analytics) e cookies de terceiros (como o cookie do DoubleClick) em conjunto para informar, otimizar e publicar an\u00fancios com base nas visitas passadas de algu\u00e9m ao seu Website.<\/p>\n<p>Utiliza, assim como os fornecedores terceiros, incluindo a Google, cookies originais (como o cookie do Google Analytics) e cookies de terceiros (como o cookie do DoubleClick) em conjunto para comunicar como as suas impress\u00f5es de an\u00fancios, outras utiliza\u00e7\u00f5es de servi\u00e7os de an\u00fancios e intera\u00e7\u00f5es com estas impress\u00f5es de an\u00fancios e servi\u00e7os de an\u00fancios est\u00e3o relacionados com visitas ao seu site.<\/p>\n<p>O modo como utiliza dados da publicidade baseada em interesses da Google ou dados do p\u00fablico-alvo de terceiros (como idade, sexo e interesses) com o Google Analytics. Se forem necess\u00e1rias mais informa\u00e7\u00f5es, se tiver d\u00favidas ou desejar fazer qualquer solicita\u00e7\u00e3o, utilize o formul\u00e1rio de contato.<\/p>\n","protected":false},"excerpt":{"rendered":"<p>Pol\u00edtica de privacidade para o Seniors Brasil Este site utiliza cookies de publicidade incluindo o Google, usam cookies para veicular an\u00fancios com base em visitas anteriores do usu\u00e1rio ao seu website ou a outros websites. Com o uso de cookies de publicidade, o Google e os parceiros podem veicular an\u00fancios para os usu\u00e1rios com base [&hellip;]<\/p>\n","protected":false},"author":2,"featured_media":0,"parent":0,"menu_order":12,"comment_status":"closed","ping_status":"closed","template":"","meta":{"ngg_post_thumbnail":0,"footnotes":""},"class_list":["post-3969","page","type-page","status-publish","hentry"],"yoast_head":"<!-- This site is optimized with the Yoast SEO Premium plugin v20.6 (Yoast SEO v25.8) - https:\/\/yoast.com\/wordpress\/plugins\/seo\/ -->\n<title>Pol\u00edticas de Cookies e Privacidade - Seniors Brasil 2025<\/title>\n<meta name=\"robots\" content=\"index, follow, max-snippet:-1, max-image-preview:large, max-video-preview:-1\" \/>\n<link rel=\"canonical\" href=\"https:\/\/seniorsbrasil.com.br\/etapa2025\/politicas-de-cookies-e-privacidade\/\" \/>\n<meta property=\"og:locale\" content=\"pt_BR\" \/>\n<meta property=\"og:type\" content=\"article\" \/>\n<meta property=\"og:title\" content=\"Pol\u00edticas de Cookies e Privacidade\" \/>\n<meta property=\"og:description\" content=\"Pol\u00edtica de privacidade para o Seniors Brasil Este site utiliza cookies de publicidade incluindo o Google, usam cookies para veicular an\u00fancios com base em visitas anteriores do usu\u00e1rio ao seu website ou a outros websites. Com o uso de cookies de publicidade, o Google e os parceiros podem veicular an\u00fancios para os usu\u00e1rios com base [&hellip;]\" \/>\n<meta property=\"og:url\" content=\"https:\/\/seniorsbrasil.com.br\/etapa2025\/politicas-de-cookies-e-privacidade\/\" \/>\n<meta property=\"og:site_name\" content=\"Seniors Brasil 2025\" \/>\n<meta property=\"article:modified_time\" content=\"2025-05-05T14:43:31+00:00\" \/>\n<meta name=\"twitter:card\" content=\"summary_large_image\" \/>\n<meta name=\"twitter:label1\" content=\"Est. tempo de leitura\" \/>\n\t<meta name=\"twitter:data1\" content=\"7 minutos\" \/>\n<script type=\"application\/ld+json\" class=\"yoast-schema-graph\">{\"@context\":\"https:\/\/schema.org\",\"@graph\":[{\"@type\":\"WebPage\",\"@id\":\"https:\/\/seniorsbrasil.com.br\/etapa2025\/politicas-de-cookies-e-privacidade\/\",\"url\":\"https:\/\/seniorsbrasil.com.br\/etapa2025\/politicas-de-cookies-e-privacidade\/\",\"name\":\"Pol\u00edticas de Cookies e Privacidade - Seniors Brasil 2025\",\"isPartOf\":{\"@id\":\"https:\/\/seniorsbrasil.com.br\/etapa2025\/#website\"},\"datePublished\":\"2025-05-01T16:26:04+00:00\",\"dateModified\":\"2025-05-05T14:43:31+00:00\",\"breadcrumb\":{\"@id\":\"https:\/\/seniorsbrasil.com.br\/etapa2025\/politicas-de-cookies-e-privacidade\/#breadcrumb\"},\"inLanguage\":\"pt-BR\",\"potentialAction\":[{\"@type\":\"ReadAction\",\"target\":[\"https:\/\/seniorsbrasil.com.br\/etapa2025\/politicas-de-cookies-e-privacidade\/\"]}]},{\"@type\":\"BreadcrumbList\",\"@id\":\"https:\/\/seniorsbrasil.com.br\/etapa2025\/politicas-de-cookies-e-privacidade\/#breadcrumb\",\"itemListElement\":[{\"@type\":\"ListItem\",\"position\":1,\"name\":\"Home\",\"item\":\"https:\/\/seniorsbrasil.com.br\/etapa2025\/\"},{\"@type\":\"ListItem\",\"position\":2,\"name\":\"Pol\u00edticas de Cookies e Privacidade\"}]},{\"@type\":\"WebSite\",\"@id\":\"https:\/\/seniorsbrasil.com.br\/etapa2025\/#website\",\"url\":\"https:\/\/seniorsbrasil.com.br\/etapa2025\/\",\"name\":\"Seniors Brasil 2025\",\"description\":\"Circuito Seniors Brasil 2025\",\"potentialAction\":[{\"@type\":\"SearchAction\",\"target\":{\"@type\":\"EntryPoint\",\"urlTemplate\":\"https:\/\/seniorsbrasil.com.br\/etapa2025\/?s={search_term_string}\"},\"query-input\":{\"@type\":\"PropertyValueSpecification\",\"valueRequired\":true,\"valueName\":\"search_term_string\"}}],\"inLanguage\":\"pt-BR\"}]}<\/script>\n<!-- \/ Yoast SEO Premium plugin. -->","yoast_head_json":{"title":"Pol\u00edticas de Cookies e Privacidade - Seniors Brasil 2025","robots":{"index":"index","follow":"follow","max-snippet":"max-snippet:-1","max-image-preview":"max-image-preview:large","max-video-preview":"max-video-preview:-1"},"canonical":"https:\/\/seniorsbrasil.com.br\/etapa2025\/politicas-de-cookies-e-privacidade\/","og_locale":"pt_BR","og_type":"article","og_title":"Pol\u00edticas de Cookies e Privacidade","og_description":"Pol\u00edtica de privacidade para o Seniors Brasil Este site utiliza cookies de publicidade incluindo o Google, usam cookies para veicular an\u00fancios com base em visitas anteriores do usu\u00e1rio ao seu website ou a outros websites. Com o uso de cookies de publicidade, o Google e os parceiros podem veicular an\u00fancios para os usu\u00e1rios com base [&hellip;]","og_url":"https:\/\/seniorsbrasil.com.br\/etapa2025\/politicas-de-cookies-e-privacidade\/","og_site_name":"Seniors Brasil 2025","article_modified_time":"2025-05-05T14:43:31+00:00","twitter_card":"summary_large_image","twitter_misc":{"Est. tempo de leitura":"7 minutos"},"schema":{"@context":"https:\/\/schema.org","@graph":[{"@type":"WebPage","@id":"https:\/\/seniorsbrasil.com.br\/etapa2025\/politicas-de-cookies-e-privacidade\/","url":"https:\/\/seniorsbrasil.com.br\/etapa2025\/politicas-de-cookies-e-privacidade\/","name":"Pol\u00edticas de Cookies e Privacidade - Seniors Brasil 2025","isPartOf":{"@id":"https:\/\/seniorsbrasil.com.br\/etapa2025\/#website"},"datePublished":"2025-05-01T16:26:04+00:00","dateModified":"2025-05-05T14:43:31+00:00","breadcrumb":{"@id":"https:\/\/seniorsbrasil.com.br\/etapa2025\/politicas-de-cookies-e-privacidade\/#breadcrumb"},"inLanguage":"pt-BR","potentialAction":[{"@type":"ReadAction","target":["https:\/\/seniorsbrasil.com.br\/etapa2025\/politicas-de-cookies-e-privacidade\/"]}]},{"@type":"BreadcrumbList","@id":"https:\/\/seniorsbrasil.com.br\/etapa2025\/politicas-de-cookies-e-privacidade\/#breadcrumb","itemListElement":[{"@type":"ListItem","position":1,"name":"Home","item":"https:\/\/seniorsbrasil.com.br\/etapa2025\/"},{"@type":"ListItem","position":2,"name":"Pol\u00edticas de Cookies e Privacidade"}]},{"@type":"WebSite","@id":"https:\/\/seniorsbrasil.com.br\/etapa2025\/#website","url":"https:\/\/seniorsbrasil.com.br\/etapa2025\/","name":"Seniors Brasil 2025","description":"Circuito Seniors Brasil 2025","potentialAction":[{"@type":"SearchAction","target":{"@type":"EntryPoint","urlTemplate":"https:\/\/seniorsbrasil.com.br\/etapa2025\/?s={search_term_string}"},"query-input":{"@type":"PropertyValueSpecification","valueRequired":true,"valueName":"search_term_string"}}],"inLanguage":"pt-BR"}]}},"_links":{"self":[{"href":"https:\/\/seniorsbrasil.com.br\/etapa2025\/wp-json\/wp\/v2\/pages\/3969","targetHints":{"allow":["GET"]}}],"collection":[{"href":"https:\/\/seniorsbrasil.com.br\/etapa2025\/wp-json\/wp\/v2\/pages"}],"about":[{"href":"https:\/\/seniorsbrasil.com.br\/etapa2025\/wp-json\/wp\/v2\/types\/page"}],"author":[{"embeddable":true,"href":"https:\/\/seniorsbrasil.com.br\/etapa2025\/wp-json\/wp\/v2\/users\/2"}],"replies":[{"embeddable":true,"href":"https:\/\/seniorsbrasil.com.br\/etapa2025\/wp-json\/wp\/v2\/comments?post=3969"}],"version-history":[{"count":4,"href":"https:\/\/seniorsbrasil.com.br\/etapa2025\/wp-json\/wp\/v2\/pages\/3969\/revisions"}],"predecessor-version":[{"id":4998,"href":"https:\/\/seniorsbrasil.com.br\/etapa2025\/wp-json\/wp\/v2\/pages\/3969\/revisions\/4998"}],"wp:attachment":[{"href":"https:\/\/seniorsbrasil.com.br\/etapa2025\/wp-json\/wp\/v2\/media?parent=3969"}],"curies":[{"name":"wp","href":"https:\/\/api.w.org\/{rel}","templated":true}]}}